{"id":86717,"date":"2026-02-13T15:08:13","date_gmt":"2026-02-13T20:08:13","guid":{"rendered":"https:\/\/www.reseautageendirect.com\/?post_type=product&#038;p=86717"},"modified":"2026-02-14T08:59:29","modified_gmt":"2026-02-14T13:59:29","slug":"red-vip-3-ans-copie","status":"publish","type":"product","link":"https:\/\/www.reseautageendirect.com\/es\/produit\/red-vip-3-ans-copie\/","title":{"rendered":"RED VIP 3 ans (Copie)"},"content":{"rendered":"<p>RED VIP est un abonnement premium destin\u00e9 aux entrepreneurs et professionnels souhaitant s\u2019impliquer durablement dans le r\u00e9seau R\u00e9seautage en Direct et maximiser leur visibilit\u00e9, leurs connexions et leur progression.<\/p>\n<p>Cet engagement de 3 ans donne acc\u00e8s \u00e0 l\u2019ensemble des activit\u00e9s structurantes du r\u00e9seau, avec une pr\u00e9sence r\u00e9guli\u00e8re, une immersion communautaire forte et une continuit\u00e9 strat\u00e9gique.<\/p>\n<hr \/>\n<h3>Ce que comprend l\u2019abonnement<\/h3>\n<p><strong>\u2714 Cours de langue chaque semaine<\/strong><br \/>\nParticipation aux sessions hebdomadaires pour d\u00e9velopper ses comp\u00e9tences linguistiques, am\u00e9liorer son aisance \u00e0 l\u2019oral et renforcer sa capacit\u00e9 \u00e0 communiquer dans un contexte professionnel.<\/p>\n<p><strong>\u2714 RED en \u00c9veil<\/strong><br \/>\nAcc\u00e8s aux rencontres RED en \u00c9veil, d\u00e9di\u00e9es \u00e0 la croissance personnelle, \u00e0 l\u2019ouverture et \u00e0 l\u2019\u00e9volution entrepreneuriale.<\/p>\n<p><strong>\u2714 Acc\u00e8s aux \u00e9v\u00e9nements en pr\u00e9sentiel<\/strong><br \/>\nParticipation aux rencontres physiques RED en Suisse romande. Opportunit\u00e9 de d\u00e9velopper des relations solides, cr\u00e9er des partenariats et g\u00e9n\u00e9rer des opportunit\u00e9s d\u2019affaires.<\/p>\n<p><strong>\u2714 Acc\u00e8s aux sessions Zoom<\/strong><br \/>\nParticipation aux \u00e9v\u00e9nements en ligne (r\u00e9seautage virtuel, rencontres matinales, \u00e9changes th\u00e9matiques), permettant de maintenir une pr\u00e9sence active m\u00eame \u00e0 distance.<\/p>\n<hr \/>\n<h3>Positionnement<\/h3>\n<p>RED VIP est con\u00e7u pour les entrepreneurs engag\u00e9s qui souhaitent :<\/p>\n<ul>\n<li>D\u00e9velopper un r\u00e9seau actif et durable<\/li>\n<li>\u00catre pr\u00e9sents r\u00e9guli\u00e8rement dans un \u00e9cosyst\u00e8me professionnel<\/li>\n<li>B\u00e9n\u00e9ficier d\u2019un acc\u00e8s complet aux activit\u00e9s du r\u00e9seau<\/li>\n<li>S\u2019inscrire dans une dynamique long terme<\/li>\n<\/ul>\n","protected":false},"excerpt":{"rendered":"<p>RED VIP est un abonnement premium destin\u00e9 aux entrepreneurs et professionnels souhaitant s\u2019impliquer durablement dans le r\u00e9seau R\u00e9seautage en Direct et maximiser leur visibilit\u00e9, leurs connexions et leur progression.<\/p>\n<p>Cet engagement de 3 ans donne acc\u00e8s \u00e0 l\u2019ensemble des activit\u00e9s structurantes du r\u00e9seau, avec une pr\u00e9sence r\u00e9guli\u00e8re, une immersion communautaire forte et une continuit\u00e9 strat\u00e9gique.<\/p>\n","protected":false},"featured_media":86712,"template":"","meta":{"_acf_changed":false,"_et_pb_use_builder":"","_et_pb_old_content":"","_et_gb_content_width":"","_eb_attr":"","_price":"1950","_stock":"","_tribe_ticket_header":"","_tribe_default_ticket_provider":"","_tribe_ticket_capacity":"","_ticket_start_date":"","_ticket_end_date":"","_tribe_ticket_show_description":"","_tribe_ticket_show_not_going":false,"_tribe_ticket_use_global_stock":"","_tribe_ticket_global_stock_level":"","_global_stock_mode":"","_global_stock_cap":"","_tribe_rsvp_for_event":"","_tribe_ticket_going_count":"","_tribe_ticket_not_going_count":"","_tribe_tickets_list":"[]","_tribe_ticket_has_attendee_info_fields":false},"product_brand":[],"product_cat":[42],"product_tag":[],"class_list":{"0":"post-86717","1":"product","2":"type-product","3":"status-publish","4":"has-post-thumbnail","6":"product_cat-abonnement","8":"first","9":"instock","10":"virtual","11":"purchasable","12":"product-type-simple"},"acf":[],"_links":{"self":[{"href":"https:\/\/www.reseautageendirect.com\/es\/wp-json\/wp\/v2\/product\/86717","targetHints":{"allow":["GET"]}}],"collection":[{"href":"https:\/\/www.reseautageendirect.com\/es\/wp-json\/wp\/v2\/product"}],"about":[{"href":"https:\/\/www.reseautageendirect.com\/es\/wp-json\/wp\/v2\/types\/product"}],"wp:featuredmedia":[{"embeddable":true,"href":"https:\/\/www.reseautageendirect.com\/es\/wp-json\/wp\/v2\/media\/86712"}],"wp:attachment":[{"href":"https:\/\/www.reseautageendirect.com\/es\/wp-json\/wp\/v2\/media?parent=86717"}],"wp:term":[{"taxonomy":"product_brand","embeddable":true,"href":"https:\/\/www.reseautageendirect.com\/es\/wp-json\/wp\/v2\/product_brand?post=86717"},{"taxonomy":"product_cat","embeddable":true,"href":"https:\/\/www.reseautageendirect.com\/es\/wp-json\/wp\/v2\/product_cat?post=86717"},{"taxonomy":"product_tag","embeddable":true,"href":"https:\/\/www.reseautageendirect.com\/es\/wp-json\/wp\/v2\/product_tag?post=86717"}],"curies":[{"name":"wp","href":"https:\/\/api.w.org\/{rel}","templated":true}]}}