{"id":61357,"date":"2024-03-07T12:32:50","date_gmt":"2024-03-07T17:32:50","guid":{"rendered":"https:\/\/www.reseautageendirect.com\/?post_type=product&#038;p=61357"},"modified":"2026-02-13T16:41:35","modified_gmt":"2026-02-13T21:41:35","slug":"61357","status":"publish","type":"product","link":"https:\/\/www.reseautageendirect.com\/es\/produit\/61357\/","title":{"rendered":"VIP Montr\u00e9al 12 mars"},"content":{"rendered":"","protected":false},"excerpt":{"rendered":"<h2 class=\"xdj266r x11i5rnm xat24cr x1mh8g0r x1vvkbs\"><strong>VIP Montr\u00e9al | R\u00e9seautage en Direct | Plaza Vogue, Montr\u00e9al\u00a0<\/strong><\/h2>\n<div><\/div>\n<div class=\"xdj266r x11i5rnm xat24cr x1mh8g0r x1vvkbs\"><span class=\"x3nfvp2 x1j61x8r x1fcty0u xdj266r xhhsvwb xat24cr xgzva0m xxymvpz xlup9mm x1kky2od\"><img decoding=\"async\" class=\"xz74otr\" src=\"https:\/\/static.xx.fbcdn.net\/images\/emoji.php\/v9\/t77\/1\/16\/203c.png\" alt=\"\u203c\ufe0f\" width=\"16\" height=\"16\" \/><\/span> Conf\u00e9rence en ANGLAIS et r\u00e9seautage en FRAN\u00c7AIS <span class=\"x3nfvp2 x1j61x8r x1fcty0u xdj266r xhhsvwb xat24cr xgzva0m xxymvpz xlup9mm x1kky2od\"><img decoding=\"async\" class=\"xz74otr\" src=\"https:\/\/static.xx.fbcdn.net\/images\/emoji.php\/v9\/t77\/1\/16\/203c.png\" alt=\"\u203c\ufe0f\" width=\"16\" height=\"16\" \/><\/span><br \/>\nBienvenue \u00e0 notre invit\u00e9 VIP de Montr\u00e9al !<\/div>\n<div class=\"x11i5rnm xat24cr x1mh8g0r x1vvkbs xtlvy1s\">Nous vous convions \u00e0 un \u00e9v\u00e9nement VIP exceptionnel qui s\u00e9duira chacun d&#8217;entre vous.<\/div>\n<div class=\"x11i5rnm xat24cr x1mh8g0r x1vvkbs xtlvy1s\">Programme :<\/div>\n<div class=\"x11i5rnm xat24cr x1mh8g0r x1vvkbs xtlvy1s\">18h00 : R\u00e9seautage libre en fran\u00e7ais<br \/>\n19h00 : Conf\u00e9rence en anglais par Majeed Mogharreban<br \/>\nComment augmenter vos ventes gr\u00e2ce \u00e0 la prise de parole en public, m\u00eame si vous n&#8217;\u00eates pas encore c\u00e9l\u00e8bre.<\/div>\n<div class=\"x11i5rnm xat24cr x1mh8g0r x1vvkbs xtlvy1s\">19h45 : Speed Business en fran\u00e7ais<br \/>\nNe manquez pas cette occasion de rencontrer de nombreux entrepreneurs et d&#8217;\u00e9largir votre r\u00e9seau professionnel.<\/div>\n<div class=\"x11i5rnm xat24cr x1mh8g0r x1vvkbs xtlvy1s\">ANIMATEUR : Nancy O&#8217;Connor<\/div>\n<div class=\"x11i5rnm xat24cr x1mh8g0r x1vvkbs xtlvy1s\">_________________<\/div>\n<div class=\"x11i5rnm xat24cr x1mh8g0r x1vvkbs xtlvy1s\"><span class=\"x3nfvp2 x1j61x8r x1fcty0u xdj266r xhhsvwb xat24cr xgzva0m xxymvpz xlup9mm x1kky2od\"><img decoding=\"async\" class=\"xz74otr\" src=\"https:\/\/static.xx.fbcdn.net\/images\/emoji.php\/v9\/t77\/1\/16\/203c.png\" alt=\"\u203c\ufe0f\" width=\"16\" height=\"16\" \/><\/span> Conference in ENGLISH and networking in FRENCH <span class=\"x3nfvp2 x1j61x8r x1fcty0u xdj266r xhhsvwb xat24cr xgzva0m xxymvpz xlup9mm x1kky2od\"><img decoding=\"async\" class=\"xz74otr\" src=\"https:\/\/static.xx.fbcdn.net\/images\/emoji.php\/v9\/t77\/1\/16\/203c.png\" alt=\"\u203c\ufe0f\" width=\"16\" height=\"16\" \/><\/span><br \/>\nWelcome to our VIP guest from Montreal!<\/div>\n<div class=\"x11i5rnm xat24cr x1mh8g0r x1vvkbs xtlvy1s\">We invite you to an exceptional VIP event that will appeal to each and every one of you.<\/div>\n<div class=\"x11i5rnm xat24cr x1mh8g0r x1vvkbs xtlvy1s\">Agenda:<\/div>\n<div class=\"x11i5rnm xat24cr x1mh8g0r x1vvkbs xtlvy1s\">6:00 PM: Open networking in French<br \/>\n7:00 PM: Conference in English by Majeed Mogharreban<br \/>\nHow to increase your sales through public speaking, even if you&#8217;re not yet famous.<\/div>\n<div class=\"x11i5rnm xat24cr x1mh8g0r x1vvkbs xtlvy1s\">7:45 PM: Speed Business in French<br \/>\nDon&#8217;t miss this opportunity to meet numerous entrepreneurs and expand your professional network.<\/div>\n<div class=\"x11i5rnm xat24cr x1mh8g0r x1vvkbs xtlvy1s\">HOST: Nancy O&#8217;Conno<\/div>\n","protected":false},"featured_media":0,"template":"","meta":{"_acf_changed":false,"_et_pb_use_builder":"","_et_pb_old_content":"","_et_gb_content_width":"","_eb_attr":"","_price":"0","_stock":"","_tribe_ticket_header":"","_tribe_default_ticket_provider":"","_tribe_ticket_capacity":"0","_ticket_start_date":"","_ticket_end_date":"","_tribe_ticket_show_description":"","_tribe_ticket_show_not_going":false,"_tribe_ticket_use_global_stock":"","_tribe_ticket_global_stock_level":"","_global_stock_mode":"","_global_stock_cap":"","_tribe_rsvp_for_event":"","_tribe_ticket_going_count":"","_tribe_ticket_not_going_count":"","_tribe_tickets_list":"[]","_tribe_ticket_has_attendee_info_fields":false},"product_brand":[],"product_cat":[157],"product_tag":[],"class_list":{"0":"post-61357","1":"product","2":"type-product","3":"status-publish","5":"product_cat-evenement","7":"first","8":"instock","9":"shipping-taxable","10":"purchasable","11":"product-type-simple"},"acf":[],"_links":{"self":[{"href":"https:\/\/www.reseautageendirect.com\/es\/wp-json\/wp\/v2\/product\/61357","targetHints":{"allow":["GET"]}}],"collection":[{"href":"https:\/\/www.reseautageendirect.com\/es\/wp-json\/wp\/v2\/product"}],"about":[{"href":"https:\/\/www.reseautageendirect.com\/es\/wp-json\/wp\/v2\/types\/product"}],"wp:attachment":[{"href":"https:\/\/www.reseautageendirect.com\/es\/wp-json\/wp\/v2\/media?parent=61357"}],"wp:term":[{"taxonomy":"product_brand","embeddable":true,"href":"https:\/\/www.reseautageendirect.com\/es\/wp-json\/wp\/v2\/product_brand?post=61357"},{"taxonomy":"product_cat","embeddable":true,"href":"https:\/\/www.reseautageendirect.com\/es\/wp-json\/wp\/v2\/product_cat?post=61357"},{"taxonomy":"product_tag","embeddable":true,"href":"https:\/\/www.reseautageendirect.com\/es\/wp-json\/wp\/v2\/product_tag?post=61357"}],"curies":[{"name":"wp","href":"https:\/\/api.w.org\/{rel}","templated":true}]}}