{"id":54515,"date":"2023-09-10T01:40:58","date_gmt":"2023-09-10T05:40:58","guid":{"rendered":"https:\/\/www.reseautageendirect.com\/?post_type=product&#038;p=54515"},"modified":"2026-02-13T16:41:38","modified_gmt":"2026-02-13T21:41:38","slug":"commandite-prestige","status":"publish","type":"product","link":"https:\/\/www.reseautageendirect.com\/es\/produit\/commandite-prestige\/","title":{"rendered":"COMMANDITE PRESTIGE"},"content":{"rendered":"","protected":false},"excerpt":{"rendered":"<div class=\"elementor-element elementor-element-68f48203 elementor-widget elementor-widget-text-editor\" data-id=\"68f48203\" data-element_type=\"widget\" data-widget_type=\"text-editor.default\">\n<div class=\"elementor-widget-container\">\n<ul>\n<li>Publicit\u00e9 sur le site web R\u00e9seautage en Direct et dans la section VIP<\/li>\n<li>Nom des commanditaires\u00a0<strong>PRESTIGE<\/strong>\u00a0mentionn\u00e9s sur la sc\u00e8ne \u00e0 chaque rencontre<\/li>\n<li>Prise de parole pour votre entreprise \u00e0 chaque \u00e9v\u00e9nement en pr\u00e9sentiel (5 minutes)<\/li>\n<li><strong>30 heures de formation<\/strong>\u00a0\/ coaching pour un abonnement\u00a0 fait en 5 versements<\/li>\n<li><strong>50 heures de formation<\/strong>\/ coaching pour un\u00a0 abonnement fait en 1 versement<\/li>\n<li>Votre abonnement sera valide 2 ans pour un paiement fait en 5 versements<\/li>\n<li>Votre abonnement sera valide\u00a0<strong>3 ans<\/strong>\u00a0pour un paiement fait en 1 versement<\/li>\n<li>Vous aurez le privil\u00e8ge de donner\u00a0<strong>10 conf\u00e9rences<\/strong>\u00a0la premi\u00e8re ann\u00e9e d\u2019abonnement<\/li>\n<li>Plan strat\u00e9gique<\/li>\n<li>Pr\u00e9sentez votre entreprise lors de nos diff\u00e9rents \u00e9v\u00e9nements en pr\u00e9sentiel<\/li>\n<\/ul>\n<\/div>\n<\/div>\n","protected":false},"featured_media":54517,"template":"","meta":{"_acf_changed":false,"_et_pb_use_builder":"off","_et_pb_old_content":"","_et_gb_content_width":"","_eb_attr":"","_price":"50000","_stock":null,"_tribe_ticket_header":"","_tribe_default_ticket_provider":"","_tribe_ticket_capacity":"0","_ticket_start_date":"","_ticket_end_date":"","_tribe_ticket_show_description":"","_tribe_ticket_show_not_going":false,"_tribe_ticket_use_global_stock":"","_tribe_ticket_global_stock_level":"","_global_stock_mode":"","_global_stock_cap":"","_tribe_rsvp_for_event":"","_tribe_ticket_going_count":"","_tribe_ticket_not_going_count":"","_tribe_tickets_list":"[]","_tribe_ticket_has_attendee_info_fields":false},"product_brand":[],"product_cat":[45],"product_tag":[],"class_list":{"0":"post-54515","1":"product","2":"type-product","3":"status-publish","4":"has-post-thumbnail","6":"product_cat-commanditaire","8":"first","9":"instock","10":"virtual","11":"purchasable","12":"product-type-simple"},"acf":[],"_links":{"self":[{"href":"https:\/\/www.reseautageendirect.com\/es\/wp-json\/wp\/v2\/product\/54515","targetHints":{"allow":["GET"]}}],"collection":[{"href":"https:\/\/www.reseautageendirect.com\/es\/wp-json\/wp\/v2\/product"}],"about":[{"href":"https:\/\/www.reseautageendirect.com\/es\/wp-json\/wp\/v2\/types\/product"}],"wp:featuredmedia":[{"embeddable":true,"href":"https:\/\/www.reseautageendirect.com\/es\/wp-json\/wp\/v2\/media\/54517"}],"wp:attachment":[{"href":"https:\/\/www.reseautageendirect.com\/es\/wp-json\/wp\/v2\/media?parent=54515"}],"wp:term":[{"taxonomy":"product_brand","embeddable":true,"href":"https:\/\/www.reseautageendirect.com\/es\/wp-json\/wp\/v2\/product_brand?post=54515"},{"taxonomy":"product_cat","embeddable":true,"href":"https:\/\/www.reseautageendirect.com\/es\/wp-json\/wp\/v2\/product_cat?post=54515"},{"taxonomy":"product_tag","embeddable":true,"href":"https:\/\/www.reseautageendirect.com\/es\/wp-json\/wp\/v2\/product_tag?post=54515"}],"curies":[{"name":"wp","href":"https:\/\/api.w.org\/{rel}","templated":true}]}}