{"id":45523,"date":"2023-01-11T16:37:03","date_gmt":"2023-01-11T21:37:03","guid":{"rendered":"https:\/\/www.reseautageendirect.com\/?post_type=product&#038;p=45523"},"modified":"2026-02-13T16:41:54","modified_gmt":"2026-02-13T21:41:54","slug":"elsie-morin-la-galerie-des-arts-vivants","status":"publish","type":"product","link":"https:\/\/www.reseautageendirect.com\/es\/produit\/elsie-morin-la-galerie-des-arts-vivants\/","title":{"rendered":"Elsie Morin &#8211; La Galerie des Arts Vivants"},"content":{"rendered":"<p>\ud835\ude42\ud835\ude3c\ud835\ude47\ud835\ude40\ud835\ude4d\ud835\ude44\ud835\ude40 \ud835\ude3f\ud835\ude40\ud835\ude4e \ud835\ude3c\ud835\ude4d\ud835\ude4f\ud835\ude4e \ud835\ude51\ud835\ude44\ud835\ude51\ud835\ude3c\ud835\ude49\ud835\ude4f\ud835\ude4e\u2757<\/p>\n<p>Soir\u00e9e r\u00e9seautage RED en collaboration avec l\u2019artiste Elsie Morin (Les Oiseaux du Paradis) \u00e0 la Galerie des Arts Vivants.<\/p>\n<p>Performance vivante, bouch\u00e9es et consommations.Venez pr\u00e9senter vos projets dans une ambiance festive dans un lieu qui \u00e9veillera votre cr\u00e9ativit\u00e9.<\/p>\n<p>Artiste invit\u00e9e : ELSIE MORIN<\/p>\n<p><img decoding=\"async\" class=\"alignnone wp-image-47641\" src=\"https:\/\/www.reseautageendirect.com\/wp-content\/uploads\/2023\/01\/CADRE-OR-35-300x300.png\" alt=\"\" width=\"203\" height=\"203\" \/><\/p>\n<p>OBJECTIF 5 000 $ campagne pour aider la cause de ARC-EN CIEL Vaudreuil-Soulanges un organisme d'entraide en sant\u00e9 mentale de la r\u00e9gion.<\/p>\n<p>Billet: 80$<br \/>\nAcheter en ligne : https:\/\/www.reseautageendirect.com\/produit\/elsie-morin-la-galerie-des-arts-vivants\/<\/p>\n<p>190, Rue Joseph-Carrier<br \/>\nLocal 130<br \/>\n(2e building)<br \/>\nVaudreuil-Dorion<\/p>\n","protected":false},"excerpt":{"rendered":"<p>\ud835\ude42\ud835\ude3c\ud835\ude47\ud835\ude40\ud835\ude4d\ud835\ude44\ud835\ude40 \ud835\ude3f\ud835\ude40\ud835\ude4e \ud835\ude3c\ud835\ude4d\ud835\ude4f\ud835\ude4e \ud835\ude51\ud835\ude44\ud835\ude51\ud835\ude3c\ud835\ude49\ud835\ude4f\ud835\ude4e\u2757 Soir\u00e9e r\u00e9seautage RED en collaboration avec l\u2019artiste Elsie Morin (Les Oiseaux du Paradis) \u00e0 la Galerie des Arts Vivants. Performance vivante, bouch\u00e9es et consommations.Venez pr\u00e9senter vos projets dans une ambiance festive dans un lieu qui \u00e9veillera votre cr\u00e9ativit\u00e9. Artiste invit\u00e9e : ELSIE MORIN OBJECTIF 5 000 $ campagne pour aider la cause de ARC-EN CIEL Vaudreuil-Soulanges un organisme d&#8217;entraide en sant\u00e9 mentale de la r\u00e9gion. Billet: 80$ Acheter en ligne : https:\/\/www.reseautageendirect.com\/produit\/elsie-morin-la-galerie-des-arts-vivants\/ 190, Rue Joseph-Carrier Local 130 (2e building) Vaudreuil-Dorion<\/p>\n","protected":false},"featured_media":0,"template":"","meta":{"_acf_changed":false,"_et_pb_use_builder":"","_et_pb_old_content":"","_et_gb_content_width":"","_eb_attr":"","_price":"80","_stock":null,"_tribe_ticket_header":"","_tribe_default_ticket_provider":"","_tribe_ticket_capacity":"15","_ticket_start_date":"","_ticket_end_date":"","_tribe_ticket_show_description":"","_tribe_ticket_show_not_going":false,"_tribe_ticket_use_global_stock":"","_tribe_ticket_global_stock_level":"","_global_stock_mode":"","_global_stock_cap":"","_tribe_rsvp_for_event":"","_tribe_ticket_going_count":"","_tribe_ticket_not_going_count":"","_tribe_tickets_list":"[]","_tribe_ticket_has_attendee_info_fields":false},"product_brand":[],"product_cat":[157],"product_tag":[391,390],"class_list":{"0":"post-45523","1":"product","2":"type-product","3":"status-publish","5":"product_cat-evenement","6":"product_tag-elsie-morin","7":"product_tag-vaudreuil","9":"first","10":"instock","11":"shipping-taxable","12":"purchasable","13":"product-type-simple"},"acf":[],"_links":{"self":[{"href":"https:\/\/www.reseautageendirect.com\/es\/wp-json\/wp\/v2\/product\/45523","targetHints":{"allow":["GET"]}}],"collection":[{"href":"https:\/\/www.reseautageendirect.com\/es\/wp-json\/wp\/v2\/product"}],"about":[{"href":"https:\/\/www.reseautageendirect.com\/es\/wp-json\/wp\/v2\/types\/product"}],"wp:attachment":[{"href":"https:\/\/www.reseautageendirect.com\/es\/wp-json\/wp\/v2\/media?parent=45523"}],"wp:term":[{"taxonomy":"product_brand","embeddable":true,"href":"https:\/\/www.reseautageendirect.com\/es\/wp-json\/wp\/v2\/product_brand?post=45523"},{"taxonomy":"product_cat","embeddable":true,"href":"https:\/\/www.reseautageendirect.com\/es\/wp-json\/wp\/v2\/product_cat?post=45523"},{"taxonomy":"product_tag","embeddable":true,"href":"https:\/\/www.reseautageendirect.com\/es\/wp-json\/wp\/v2\/product_tag?post=45523"}],"curies":[{"name":"wp","href":"https:\/\/api.w.org\/{rel}","templated":true}]}}