{"id":2818,"date":"2020-11-09T19:53:43","date_gmt":"2020-11-10T00:53:43","guid":{"rendered":"https:\/\/www.reseautageendirect.com\/?post_type=product&#038;p=2818"},"modified":"2026-02-13T16:44:03","modified_gmt":"2026-02-13T21:44:03","slug":"platine","status":"publish","type":"product","link":"https:\/\/www.reseautageendirect.com\/es\/produit\/platine\/","title":{"rendered":"PLATINE"},"content":{"rendered":"","protected":false},"excerpt":{"rendered":"<div class=\"elementor-element elementor-element-bb10c32 elementor-widget elementor-widget-heading\" data-id=\"bb10c32\" data-element_type=\"widget\" data-widget_type=\"heading.default\">\n<div class=\"elementor-widget-container\">\n<h3 class=\"elementor-heading-title elementor-size-default\"><strong>COMMANDITE <\/strong><strong>PLATINE<\/strong><\/h3>\n<\/div>\n<\/div>\n<div class=\"elementor-element elementor-element-40500c2 elementor-widget elementor-widget-text-editor\" data-id=\"40500c2\" data-element_type=\"widget\" data-widget_type=\"text-editor.default\">\n<div class=\"elementor-widget-container\">\n<h4>Investissement de\u00a0<span class=\"nobr\">5 000$<\/span><br clear=\"none\" \/>Dur\u00e9e de 1 an<\/h4>\n<\/div>\n<\/div>\n<div class=\"elementor-element elementor-element-f698ee1 elementor-widget elementor-widget-text-editor\" data-id=\"f698ee1\" data-element_type=\"widget\" data-widget_type=\"text-editor.default\">\n<div class=\"elementor-widget-container\">\n<div class=\"et_pb_module et_pb_text et_pb_text_5 et_pb_text_align_left et_pb_bg_layout_light et_had_animation\">\n<div class=\"et_pb_text_inner\">\n<ul>\n<li>Affichage de votre banni\u00e8re d\u00e9roulante lors des \u00e9v\u00e9nements RED<\/li>\n<li>Publicit\u00e9 \u00e0 l\u2019\u00e9cran durant les \u00e9v\u00e9nements RED<\/li>\n<li>Acc\u00e8s gratuit aux \u00e9v\u00e9nements VIP (Montr\u00e9al, Qu\u00e9bec, Sherbrooke et Gatineau)<\/li>\n<li>Temps de parole de 2 minutes lors des \u00e9v\u00e9nements du RED<\/li>\n<li>1 admission par \u00e9v\u00e9nement<\/li>\n<li>10h de coaching avec un leader<\/li>\n<li>Acc\u00e8s au Club Marketmasters de Kubidez<\/li>\n<\/ul>\n<\/div>\n<\/div>\n<\/div>\n<\/div>\n","protected":false},"featured_media":0,"template":"","meta":{"_acf_changed":false,"_et_pb_use_builder":"","_et_pb_old_content":"","_et_gb_content_width":"","_eb_attr":"","_price":"5000","_stock":"","_tribe_ticket_header":"","_tribe_default_ticket_provider":"","_ticket_start_date":"","_ticket_end_date":"","_tribe_ticket_show_description":"","_tribe_ticket_show_not_going":false,"_tribe_ticket_use_global_stock":"","_tribe_ticket_global_stock_level":"","_global_stock_mode":"","_global_stock_cap":"","_tribe_rsvp_for_event":"","_tribe_ticket_going_count":"","_tribe_ticket_not_going_count":"","_tribe_tickets_list":"[]","_tribe_ticket_has_attendee_info_fields":false},"product_brand":[],"product_cat":[45],"product_tag":[],"class_list":{"0":"post-2818","1":"product","2":"type-product","3":"status-publish","5":"product_cat-commanditaire","7":"first","8":"instock","9":"virtual","10":"purchasable","11":"product-type-simple"},"acf":[],"_links":{"self":[{"href":"https:\/\/www.reseautageendirect.com\/es\/wp-json\/wp\/v2\/product\/2818","targetHints":{"allow":["GET"]}}],"collection":[{"href":"https:\/\/www.reseautageendirect.com\/es\/wp-json\/wp\/v2\/product"}],"about":[{"href":"https:\/\/www.reseautageendirect.com\/es\/wp-json\/wp\/v2\/types\/product"}],"wp:attachment":[{"href":"https:\/\/www.reseautageendirect.com\/es\/wp-json\/wp\/v2\/media?parent=2818"}],"wp:term":[{"taxonomy":"product_brand","embeddable":true,"href":"https:\/\/www.reseautageendirect.com\/es\/wp-json\/wp\/v2\/product_brand?post=2818"},{"taxonomy":"product_cat","embeddable":true,"href":"https:\/\/www.reseautageendirect.com\/es\/wp-json\/wp\/v2\/product_cat?post=2818"},{"taxonomy":"product_tag","embeddable":true,"href":"https:\/\/www.reseautageendirect.com\/es\/wp-json\/wp\/v2\/product_tag?post=2818"}],"curies":[{"name":"wp","href":"https:\/\/api.w.org\/{rel}","templated":true}]}}