{"id":2805,"date":"2020-11-09T19:53:44","date_gmt":"2020-11-10T00:53:44","guid":{"rendered":"https:\/\/www.reseautageendirect.com\/?post_type=product&#038;p=2805"},"modified":"2026-02-13T16:44:00","modified_gmt":"2026-02-13T21:44:00","slug":"plan-vip","status":"publish","type":"product","link":"https:\/\/www.reseautageendirect.com\/es\/produit\/plan-vip\/","title":{"rendered":"PLAN VIP"},"content":{"rendered":"","protected":false},"excerpt":{"rendered":"<h3><strong>INVESTISSEMENT DE 20 000$<\/strong><\/h3>\n<h4><strong>DUR\u00c9E DE 5 ANS<\/strong><\/h4>\n<ul>\n<li>Affichage de quatre banni\u00e8res d\u00e9roulantes lors des \u00e9v\u00e9nements RED<\/li>\n<li>Publicit\u00e9 de votre entreprise sur le site web:\u00a0<a class=\"fui-Link ___1rxvrpe f2hkw1w f3rmtva f1ewtqcl fyind8e f1k6fduh f1w7gpdv fk6fouc fjoy568 figsok6 f1hu3pq6 f11qmguv f19f4twv f1tyq0we f1g0x7ka fhxju0i f1qch9an f1cnd47f fqv5qza f1vmzxwi f1o700av f13mvf36 f1cmlufx f9n3di6 f1ids18y f1tx3yz7 f1deo86v f1eh06m1 f1iescvh fhgqx19 f1olyrje f1p93eir f1nev41a f1h8hb77 f1lqvz6u f10aw75t fsle3fq f17ae5zn\" title=\"https:\/\/www.reseautageendirect.com\/\" href=\"https:\/\/www.reseautageendirect.com\/\" target=\"_blank\" rel=\"noreferrer noopener\" aria-label=\"Lien www.reseautageendirect.com\">www.reseautageendirect.com<\/a><\/li>\n<li>Publicit\u00e9 \u00e0 l\u2019\u00e9cran durant les \u00e9v\u00e9nements RED<\/li>\n<li>Acc\u00e8s gratuit aux \u00e9v\u00e9nements VIP (Montr\u00e9al, Qu\u00e9bec, Sherbrooke et Gatineau)<\/li>\n<li>Temps de parole de 4 minutes lors des \u00e9v\u00e9nements du RED<\/li>\n<li>4 admissions par \u00e9v\u00e9nement<\/li>\n<li>10h de coaching avec un leader<\/li>\n<li>Acc\u00e8s au Club Marketmasters de Kubidez<\/li>\n<\/ul>\n","protected":false},"featured_media":0,"template":"","meta":{"_acf_changed":false,"_et_pb_use_builder":"off","_et_pb_old_content":"","_et_gb_content_width":"","_eb_attr":"","_price":"20000","_stock":"","_tribe_ticket_header":"","_tribe_default_ticket_provider":"","_tribe_ticket_capacity":"0","_ticket_start_date":"","_ticket_end_date":"","_tribe_ticket_show_description":"","_tribe_ticket_show_not_going":false,"_tribe_ticket_use_global_stock":"","_tribe_ticket_global_stock_level":"","_global_stock_mode":"","_global_stock_cap":"","_tribe_rsvp_for_event":"","_tribe_ticket_going_count":"","_tribe_ticket_not_going_count":"","_tribe_tickets_list":"[]","_tribe_ticket_has_attendee_info_fields":false},"product_brand":[],"product_cat":[45],"product_tag":[],"class_list":{"0":"post-2805","1":"product","2":"type-product","3":"status-publish","5":"product_cat-commanditaire","7":"first","8":"instock","9":"virtual","10":"purchasable","11":"product-type-simple"},"acf":[],"_links":{"self":[{"href":"https:\/\/www.reseautageendirect.com\/es\/wp-json\/wp\/v2\/product\/2805","targetHints":{"allow":["GET"]}}],"collection":[{"href":"https:\/\/www.reseautageendirect.com\/es\/wp-json\/wp\/v2\/product"}],"about":[{"href":"https:\/\/www.reseautageendirect.com\/es\/wp-json\/wp\/v2\/types\/product"}],"wp:attachment":[{"href":"https:\/\/www.reseautageendirect.com\/es\/wp-json\/wp\/v2\/media?parent=2805"}],"wp:term":[{"taxonomy":"product_brand","embeddable":true,"href":"https:\/\/www.reseautageendirect.com\/es\/wp-json\/wp\/v2\/product_brand?post=2805"},{"taxonomy":"product_cat","embeddable":true,"href":"https:\/\/www.reseautageendirect.com\/es\/wp-json\/wp\/v2\/product_cat?post=2805"},{"taxonomy":"product_tag","embeddable":true,"href":"https:\/\/www.reseautageendirect.com\/es\/wp-json\/wp\/v2\/product_tag?post=2805"}],"curies":[{"name":"wp","href":"https:\/\/api.w.org\/{rel}","templated":true}]}}