{"id":74891,"date":"2025-03-17T12:57:22","date_gmt":"2025-03-17T16:57:22","guid":{"rendered":"https:\/\/www.reseautageendirect.com\/?post_type=product&#038;p=74891"},"modified":"2026-02-13T16:41:35","modified_gmt":"2026-02-13T21:41:35","slug":"adhesion-a-vie-membre-vip","status":"publish","type":"product","link":"https:\/\/www.reseautageendirect.com\/en\/produit\/adhesion-a-vie-membre-vip\/","title":{"rendered":"Adh\u00e9sion \u00e0 vie &#8211; membre VIP"},"content":{"rendered":"<p>[et_pb_section fb_built=\"1\" _builder_version=\"4.16\" custom_padding=\"0px||||false|false\" global_colors_info=\"{}\"][et_pb_row _builder_version=\"4.16\" background_size=\"initial\" background_position=\"top_left\" background_repeat=\"repeat\" width=\"100%\" custom_padding=\"0px||0px||false|false\" global_colors_info=\"{}\"][et_pb_column type=\"4_4\" _builder_version=\"4.16\" custom_padding=\"|||\" global_colors_info=\"{}\" custom_padding__hover=\"|||\"][et_pb_wc_breadcrumb _builder_version=\"4.16\" global_colors_info=\"{}\"][\/et_pb_wc_breadcrumb][et_pb_wc_cart_notice _builder_version=\"4.16\" global_colors_info=\"{}\"][\/et_pb_wc_cart_notice][\/et_pb_column][\/et_pb_row][et_pb_row column_structure=\"1_2,1_2\" _builder_version=\"4.25.1\" background_size=\"initial\" background_position=\"top_left\" background_repeat=\"repeat\" width=\"100%\" custom_padding=\"0px||||false|false\" global_colors_info=\"{}\"][et_pb_column type=\"1_2\" _builder_version=\"4.25.1\" background_enable_image=\"off\" custom_padding=\"|||\" global_colors_info=\"{}\" custom_padding__hover=\"|||\"][et_pb_image _builder_version=\"4.25.1\" _module_preset=\"default\" alt=\"Adh\u00e9sion \u00e0 vie\" title_text=\"adhesion-a-vie-133x300\" src=\"https:\/\/www.reseautageendirect.com\/wp-content\/uploads\/2025\/03\/adhesion-a-vie-133x300-1.png\" hover_enabled=\"0\" sticky_enabled=\"0\"][\/et_pb_image][\/et_pb_column][et_pb_column type=\"1_2\" _builder_version=\"4.16\" custom_padding=\"|||\" global_colors_info=\"{}\" custom_padding__hover=\"|||\"][et_pb_wc_title _builder_version=\"4.16\" global_colors_info=\"{}\"][\/et_pb_wc_title][et_pb_wc_rating _builder_version=\"4.16\" global_colors_info=\"{}\"][\/et_pb_wc_rating][et_pb_wc_price _builder_version=\"4.16\" global_colors_info=\"{}\"][\/et_pb_wc_price][et_pb_wc_description description_type=\"description\" _builder_version=\"4.25.1\" global_colors_info=\"{}\"][\/et_pb_wc_description][et_pb_wc_add_to_cart _builder_version=\"4.16\" global_colors_info=\"{}\"][\/et_pb_wc_add_to_cart][et_pb_wc_meta _builder_version=\"4.16\" global_colors_info=\"{}\"][\/et_pb_wc_meta][et_pb_text _builder_version=\"4.25.1\" _module_preset=\"default\" global_colors_info=\"{}\"]<\/p>\n<h4>Adh\u00e9sion \u00e0 vie est une promotion offerte par la Direction de R\u00e9seautage en Direct<\/h4>\n<p><strong>Ce que \u00e7a inclus:<\/strong><\/p>\n<ul>\n<li>Tous les VIP et les rencontres r\u00e9guli\u00e8res organis\u00e9es par R\u00e9seautage en Direct<\/li>\n<li>Tous les r\u00e9seautages en virtuel<\/li>\n<li>Les formations entrepreneurial inclus dans l'Acad\u00e9mie de formations<\/li>\n<li>Les formations et atelier de la section Conscience en Direct<\/li>\n<\/ul>\n<p>[\/et_pb_text][\/et_pb_column][\/et_pb_row][et_pb_row _builder_version=\"4.16\" background_size=\"initial\" background_position=\"top_left\" background_repeat=\"repeat\" width=\"100%\" global_colors_info=\"{}\"][et_pb_column type=\"4_4\" _builder_version=\"4.16\" custom_padding=\"|||\" global_colors_info=\"{}\" custom_padding__hover=\"|||\"][et_pb_wc_tabs include_tabs=\"|\" _builder_version=\"4.25.1\" global_colors_info=\"{}\"]\t\t\t\t\t[\/et_pb_wc_tabs][et_pb_wc_upsells _builder_version=\"4.16\" global_colors_info=\"{}\"][\/et_pb_wc_upsells][\/et_pb_column][\/et_pb_row][\/et_pb_section]<\/p>\n","protected":false},"excerpt":{"rendered":"<p>Adh\u00e9sion \u00e0 vie est une promotion offerte par la Direction de R\u00e9seautage en Direct Ce que \u00e7a inclus: Tous les VIP et les rencontres r\u00e9guli\u00e8res organis\u00e9es par R\u00e9seautage en Direct Tous les r\u00e9seautages en virtuel Les formations entrepreneurial inclus dans l&#8217;Acad\u00e9mie de formations Les formations et atelier de la section Conscience en Direct<\/p>\n","protected":false},"featured_media":0,"template":"","meta":{"_acf_changed":false,"_et_pb_use_builder":"on","_et_pb_old_content":"","_et_gb_content_width":"","_eb_attr":"","_price":"1550","_stock":"","_tribe_ticket_header":"","_tribe_default_ticket_provider":"","_tribe_ticket_capacity":"298","_ticket_start_date":"","_ticket_end_date":"","_tribe_ticket_show_description":"","_tribe_ticket_show_not_going":false,"_tribe_ticket_use_global_stock":"","_tribe_ticket_global_stock_level":"","_global_stock_mode":"","_global_stock_cap":"","_tribe_rsvp_for_event":"","_tribe_ticket_going_count":"","_tribe_ticket_not_going_count":"","_tribe_tickets_list":"[]","_tribe_ticket_has_attendee_info_fields":false},"product_brand":[],"product_cat":[461,43],"product_tag":[],"class_list":{"0":"post-74891","1":"product","2":"type-product","3":"status-publish","5":"product_cat-prom","6":"product_cat-reseautage-en-direct","8":"first","9":"instock","10":"virtual","11":"purchasable","12":"product-type-simple"},"acf":[],"_links":{"self":[{"href":"https:\/\/www.reseautageendirect.com\/en\/wp-json\/wp\/v2\/product\/74891","targetHints":{"allow":["GET"]}}],"collection":[{"href":"https:\/\/www.reseautageendirect.com\/en\/wp-json\/wp\/v2\/product"}],"about":[{"href":"https:\/\/www.reseautageendirect.com\/en\/wp-json\/wp\/v2\/types\/product"}],"wp:attachment":[{"href":"https:\/\/www.reseautageendirect.com\/en\/wp-json\/wp\/v2\/media?parent=74891"}],"wp:term":[{"taxonomy":"product_brand","embeddable":true,"href":"https:\/\/www.reseautageendirect.com\/en\/wp-json\/wp\/v2\/product_brand?post=74891"},{"taxonomy":"product_cat","embeddable":true,"href":"https:\/\/www.reseautageendirect.com\/en\/wp-json\/wp\/v2\/product_cat?post=74891"},{"taxonomy":"product_tag","embeddable":true,"href":"https:\/\/www.reseautageendirect.com\/en\/wp-json\/wp\/v2\/product_tag?post=74891"}],"curies":[{"name":"wp","href":"https:\/\/api.w.org\/{rel}","templated":true}]}}