{"id":60339,"date":"2024-01-27T01:35:09","date_gmt":"2024-01-27T06:35:09","guid":{"rendered":"https:\/\/www.reseautageendirect.com\/?post_type=product&#038;p=60339"},"modified":"2026-02-13T16:41:37","modified_gmt":"2026-02-13T21:41:37","slug":"speeddating-alouettes","status":"publish","type":"product","link":"https:\/\/www.reseautageendirect.com\/en\/produit\/speeddating-alouettes\/","title":{"rendered":"Speeddating Alouettes"},"content":{"rendered":"","protected":false},"excerpt":{"rendered":"<p>Votre billet de participation au Speed Dating C\u00e9libataires et Alouettes de Montr\u00e9al se d\u00e9roulera<\/p>\n<p><strong>le jeudi 20 juin 2024 de 15h30 \u00e0 22h.<\/strong><\/p>\n<p>Voici le programme de l&#8217;\u00e9v\u00e9nement :<\/p>\n<p>Sur le TAILGATE :<\/p>\n<ul>\n<li><strong>15h30<\/strong> &#8211; R\u00e9seautage<\/li>\n<li><strong>17h00<\/strong> &#8211; Spectacle de musique 2 boissons comprises<\/li>\n<\/ul>\n<p><strong>19h00<\/strong> &#8211; Match Billet inclus<\/p>\n<p>Prix de pr\u00e9sence et possibilit\u00e9 de prendre des photos sur place.<\/p>\n","protected":false},"featured_media":0,"template":"","meta":{"_acf_changed":false,"_et_pb_use_builder":"","_et_pb_old_content":"","_et_gb_content_width":"","_eb_attr":"","_price":"125","_stock":null,"_tribe_ticket_header":"","_tribe_default_ticket_provider":"","_tribe_ticket_capacity":"0","_ticket_start_date":"","_ticket_end_date":"","_tribe_ticket_show_description":"","_tribe_ticket_show_not_going":false,"_tribe_ticket_use_global_stock":"","_tribe_ticket_global_stock_level":"","_global_stock_mode":"","_global_stock_cap":"","_tribe_rsvp_for_event":"","_tribe_ticket_going_count":"","_tribe_ticket_not_going_count":"","_tribe_tickets_list":"[]","_tribe_ticket_has_attendee_info_fields":false},"product_brand":[],"product_cat":[41],"product_tag":[],"class_list":{"0":"post-60339","1":"product","2":"type-product","3":"status-publish","5":"product_cat-non-classe","7":"first","8":"instock","9":"virtual","10":"purchasable","11":"product-type-simple"},"acf":[],"_links":{"self":[{"href":"https:\/\/www.reseautageendirect.com\/en\/wp-json\/wp\/v2\/product\/60339","targetHints":{"allow":["GET"]}}],"collection":[{"href":"https:\/\/www.reseautageendirect.com\/en\/wp-json\/wp\/v2\/product"}],"about":[{"href":"https:\/\/www.reseautageendirect.com\/en\/wp-json\/wp\/v2\/types\/product"}],"wp:attachment":[{"href":"https:\/\/www.reseautageendirect.com\/en\/wp-json\/wp\/v2\/media?parent=60339"}],"wp:term":[{"taxonomy":"product_brand","embeddable":true,"href":"https:\/\/www.reseautageendirect.com\/en\/wp-json\/wp\/v2\/product_brand?post=60339"},{"taxonomy":"product_cat","embeddable":true,"href":"https:\/\/www.reseautageendirect.com\/en\/wp-json\/wp\/v2\/product_cat?post=60339"},{"taxonomy":"product_tag","embeddable":true,"href":"https:\/\/www.reseautageendirect.com\/en\/wp-json\/wp\/v2\/product_tag?post=60339"}],"curies":[{"name":"wp","href":"https:\/\/api.w.org\/{rel}","templated":true}]}}