{"id":37621,"date":"2022-12-23T16:01:19","date_gmt":"2022-12-23T21:01:19","guid":{"rendered":"https:\/\/www.reseautageendirect.com\/?post_type=product&#038;p=37621"},"modified":"2026-02-13T16:42:32","modified_gmt":"2026-02-13T21:42:32","slug":"ateliers-business","status":"publish","type":"product","link":"https:\/\/www.reseautageendirect.com\/en\/produit\/ateliers-business\/","title":{"rendered":"ATELIERS BUSINESS"},"content":{"rendered":"<div class=\"__fb-light-mode x1n2onr6\" role=\"row\">\n<div class=\"\">\n<div class=\"x78zum5 xdt5ytf x1n2onr6\" tabindex=\"0\" role=\"gridcell\" data-release-focus-from=\"CLICK\" data-scope=\"messages_table\">\n<div class=\"x78zum5\" role=\"none\">\n<div class=\"x78zum5 x1iyjqo2 xs83m0k xeuugli\" role=\"none\">\n<div class=\"x1h91t0o xkh2ocl x78zum5 xdt5ytf x13a6bvl xcrg951 x1r145dm\" role=\"none\">\n<div class=\"x78zum5 xh8yej3\" role=\"none\">\n<div class=\"x1cy8zhl x78zum5 xdt5ytf x193iq5w x1n2onr6\">\n<div class=\"x78zum5 xh8yej3\" role=\"none\">\n<div class=\"x1g8br2z x1gn5b1j x14ctfv x1okitfd x6ikm8r x10wlt62 x1mzt3pk x1y1aw1k xn6708d xwib8y2 x1ye3gou x1n2onr6 x13faqbe x1vjfegm x1lcm9me x10y3i5r\" role=\"none\">\n<div class=\"x9f619 x1n2onr6 x1ja2u2z __fb-light-mode\" role=\"none\">\n<div dir=\"auto\" role=\"none\">Assistez \u00e0 nos ateliers bien-\u00eatre en conscience donn\u00e9s par nos coachs membres de RED BUSINESS.<\/div>\n<div dir=\"auto\" role=\"none\"><\/div>\n<div class=\"x6prxxf x1fc57z9 x1yc453h x126k92a xzsf02u\" dir=\"auto\" role=\"none\">\n<p>Ne manquez pas cette occasion d'am\u00e9liorer vos entreprises avec nos formations Atelier Business.<\/p>\n<\/div>\n<div dir=\"auto\" role=\"none\">Cela d\u00e9bute le 4 janvier.<\/div>\n<\/div>\n<\/div>\n<div dir=\"auto\" role=\"none\">Du mercredi au vendredi.<\/div>\n<div dir=\"auto\" role=\"none\">De 8h30 \u00e0 10h30 (heure du Qc)<\/div>\n<\/div>\n<\/div>\n<div dir=\"auto\" role=\"none\"><\/div>\n<div dir=\"auto\" role=\"none\"><em><strong>NOS COACHS<\/strong><\/em><\/div>\n<\/div>\n<\/div>\n<\/div>\n<\/div>\n<\/div>\n<\/div>\n<\/div>\n<div class=\"__fb-light-mode x1n2onr6\" role=\"row\">\n<div class=\"\">\n<div class=\"x78zum5 xdt5ytf x1n2onr6\" tabindex=\"-1\" role=\"gridcell\" data-release-focus-from=\"CLICK\" data-scope=\"messages_table\">\n<div class=\"x78zum5\" role=\"none\">\n<div class=\"x78zum5 x1iyjqo2 xs83m0k xeuugli\" role=\"none\">\n<div class=\"x1h91t0o xkh2ocl x78zum5 xdt5ytf x13a6bvl xcrg951 x1r145dm\" role=\"none\">\n<div class=\"x78zum5 xh8yej3\" role=\"none\">\n<div class=\"x1cy8zhl x78zum5 xdt5ytf x193iq5w x1n2onr6\">\n<div class=\"x78zum5 xh8yej3\" role=\"none\">\n<div class=\"x9f619 x1n2onr6 x1ja2u2z __fb-light-mode\" role=\"none\">Agathe Basset<\/div>\n<div role=\"none\">Aude Lambert<\/div>\n<div role=\"none\">Bertrand Demeerseman<\/div>\n<div role=\"none\">Bruno Bor\u00e9<\/div>\n<div role=\"none\">C\u00e9dric Vancher<\/div>\n<div role=\"none\">Chantal Sauv\u00e9<\/div>\n<div role=\"none\">Chantale Beaumont<\/div>\n<div role=\"none\">Delphine Sandrin<\/div>\n<div role=\"none\">Elena Chenorkian<\/div>\n<div role=\"none\">Eliote Soulin<\/div>\n<div role=\"none\">Emmanuel Cruchet<\/div>\n<div role=\"none\">\u00c9ric de Pommereau<\/div>\n<div role=\"none\">germain Montero<\/div>\n<div role=\"none\">H\u00e9l\u00e8ne McKeown<\/div>\n<div role=\"none\">Ingrid Atamian<\/div>\n<div role=\"none\">Jade Tilie<\/div>\n<div role=\"none\">Linda L\u00e9ger<\/div>\n<div role=\"none\">Lise Pratte<\/div>\n<div role=\"none\">Luc Lafontaine<\/div>\n<div role=\"none\">Lyne Leblanc<\/div>\n<div role=\"none\">Marie-Claude Dehaies<\/div>\n<div role=\"none\">Marie-H\u00e9l\u00e8ne Zamni<\/div>\n<div role=\"none\">Marjorie Bastard<\/div>\n<div role=\"none\">Maryse Quesson<\/div>\n<div role=\"none\">Maud Weber<\/div>\n<div role=\"none\">M\u00e9lanie Fortin<\/div>\n<div role=\"none\">Monia Omari<\/div>\n<div role=\"none\">Morgane Nectoux<\/div>\n<div role=\"none\">Pablo Jeanpert<\/div>\n<div role=\"none\">Ren\u00e9e Lamontagne<\/div>\n<div role=\"none\">Sandrine Jeanjean<\/div>\n<div role=\"none\">Tammy Robinson<\/div>\n<div role=\"none\">V\u00e9ronique Silber<\/div>\n<div class=\"x1h91t0o xkh2ocl x78zum5 xdt5ytf x13a6bvl x193iq5w x1iyjqo2 xcrg951\" role=\"none\">\n<div role=\"none\"><\/div>\n<\/div>\n<\/div>\n<\/div>\n<\/div>\n<\/div>\n<\/div>\n<\/div>\n<\/div>\n<\/div>\n<\/div>\n","protected":false},"excerpt":{"rendered":"<p>Assistez \u00e0 nos ateliers bien-\u00eatre en conscience donn\u00e9s par nos coachs membres de RED BUSINESS. Ne manquez pas cette occasion d&#8217;am\u00e9liorer vos entreprises avec nos formations Atelier Business. Cela d\u00e9bute le 4 janvier. Du mercredi au vendredi. De 8h30 \u00e0 10h30 (heure du Qc) NOS COACHS Agathe Basset Aude Lambert Bertrand Demeerseman Bruno Bor\u00e9 C\u00e9dric Vancher Chantal Sauv\u00e9 Chantale Beaumont Delphine Sandrin Elena Chenorkian Eliote Soulin Emmanuel Cruchet \u00c9ric de Pommereau germain Montero H\u00e9l\u00e8ne McKeown Ingrid Atamian Jade Tilie Linda L\u00e9ger Lise Pratte Luc Lafontaine Lyne Leblanc Marie-Claude Dehaies Marie-H\u00e9l\u00e8ne Zamni Marjorie Bastard Maryse Quesson Maud Weber M\u00e9lanie Fortin Monia Omari Morgane Nectoux Pablo Jeanpert Ren\u00e9e Lamontagne Sandrine Jeanjean Tammy Robinson V\u00e9ronique Silber<\/p>\n","protected":false},"featured_media":37622,"template":"","meta":{"_acf_changed":false,"_et_pb_use_builder":"","_et_pb_old_content":"","_et_gb_content_width":"","_eb_attr":"","_price":"1550","_stock":null,"_tribe_ticket_header":"","_tribe_default_ticket_provider":"","_ticket_start_date":"","_ticket_end_date":"","_tribe_ticket_show_description":"","_tribe_ticket_show_not_going":false,"_tribe_ticket_use_global_stock":"","_tribe_ticket_global_stock_level":"","_global_stock_mode":"","_global_stock_cap":"","_tribe_rsvp_for_event":"","_tribe_ticket_going_count":"","_tribe_ticket_not_going_count":"","_tribe_tickets_list":"[]","_tribe_ticket_has_attendee_info_fields":false},"product_brand":[],"product_cat":[42,280],"product_tag":[281],"class_list":{"0":"post-37621","1":"product","2":"type-product","3":"status-publish","4":"has-post-thumbnail","6":"product_cat-abonnement","7":"product_cat-business","8":"product_tag-affaires","10":"first","11":"instock","12":"virtual","13":"purchasable","14":"product-type-simple"},"acf":[],"_links":{"self":[{"href":"https:\/\/www.reseautageendirect.com\/en\/wp-json\/wp\/v2\/product\/37621","targetHints":{"allow":["GET"]}}],"collection":[{"href":"https:\/\/www.reseautageendirect.com\/en\/wp-json\/wp\/v2\/product"}],"about":[{"href":"https:\/\/www.reseautageendirect.com\/en\/wp-json\/wp\/v2\/types\/product"}],"wp:featuredmedia":[{"embeddable":true,"href":"https:\/\/www.reseautageendirect.com\/en\/wp-json\/wp\/v2\/media\/37622"}],"wp:attachment":[{"href":"https:\/\/www.reseautageendirect.com\/en\/wp-json\/wp\/v2\/media?parent=37621"}],"wp:term":[{"taxonomy":"product_brand","embeddable":true,"href":"https:\/\/www.reseautageendirect.com\/en\/wp-json\/wp\/v2\/product_brand?post=37621"},{"taxonomy":"product_cat","embeddable":true,"href":"https:\/\/www.reseautageendirect.com\/en\/wp-json\/wp\/v2\/product_cat?post=37621"},{"taxonomy":"product_tag","embeddable":true,"href":"https:\/\/www.reseautageendirect.com\/en\/wp-json\/wp\/v2\/product_tag?post=37621"}],"curies":[{"name":"wp","href":"https:\/\/api.w.org\/{rel}","templated":true}]}}