{"id":37614,"date":"2022-12-23T12:54:33","date_gmt":"2022-12-23T17:54:33","guid":{"rendered":"https:\/\/www.reseautageendirect.com\/?post_type=product&#038;p=37614"},"modified":"2026-02-13T16:42:33","modified_gmt":"2026-02-13T21:42:33","slug":"ateliers-bien-etre-en-conscience","status":"publish","type":"product","link":"https:\/\/www.reseautageendirect.com\/en\/produit\/ateliers-bien-etre-en-conscience\/","title":{"rendered":"ATELIERS BIEN-\u00caTRE EN CONSCIENCE"},"content":{"rendered":"<div class=\"__fb-light-mode x1n2onr6\" role=\"row\">\n<div class=\"\">\n<div class=\"x78zum5 xdt5ytf x1n2onr6\" tabindex=\"0\" role=\"gridcell\" data-release-focus-from=\"CLICK\" data-scope=\"messages_table\">\n<div class=\"x78zum5\" role=\"none\">\n<div class=\"x78zum5 x1iyjqo2 xs83m0k xeuugli\" role=\"none\">\n<div class=\"x1h91t0o xkh2ocl x78zum5 xdt5ytf x13a6bvl xcrg951 x1r145dm\" role=\"none\">\n<div class=\"x78zum5 xh8yej3\" role=\"none\">\n<div class=\"x1cy8zhl x78zum5 xdt5ytf x193iq5w x1n2onr6\">\n<div class=\"x78zum5 xh8yej3\" role=\"none\">\n<div class=\"x1g8br2z x1gn5b1j x14ctfv x1okitfd x6ikm8r x10wlt62 x1mzt3pk x1y1aw1k xn6708d xwib8y2 x1ye3gou x1n2onr6 x13faqbe x1vjfegm x1lcm9me x10y3i5r\" role=\"none\">\n<div class=\"x9f619 x1n2onr6 x1ja2u2z __fb-light-mode\" role=\"none\">\n<div class=\"x6prxxf x1fc57z9 x1yc453h x126k92a xzsf02u\" dir=\"auto\" role=\"none\">Assistez \u00e0 nos ateliers bien-\u00eatre en conscience donn\u00e9s par nos coachs membres de R\u00e9seautage en Direct.<\/div>\n<\/div>\n<\/div>\n<\/div>\n<\/div>\n<\/div>\n<\/div>\n<\/div>\n<\/div>\n<div class=\"x1r8uery x1iyjqo2\" role=\"none\">Ne manquez pas cette occasion de vous aider \u00e0 grandir et d\u00e9couvrir votre richesse int\u00e9rieure en conscience.<\/div>\n<div role=\"none\"><\/div>\n<\/div>\n<\/div>\n<div role=\"none\">Du Mercredi au vendredi<\/div>\n<div role=\"none\">De 8h30 \u00e0 10h30 (heure du Qc)<\/div>\n<\/div>\n<div class=\"__fb-light-mode x1n2onr6\" role=\"row\">\n<div class=\"xcrg951 x36qwtl xh8yej3\"><\/div>\n<div class=\"\">\n<div class=\"x78zum5 xdt5ytf x1n2onr6\" tabindex=\"-1\" role=\"gridcell\" data-release-focus-from=\"CLICK\" data-scope=\"messages_table\">\n<div class=\"x78zum5\" role=\"none\">\n<div class=\"x78zum5 x1iyjqo2 xs83m0k xeuugli\" role=\"none\">\n<div class=\"x1h91t0o xkh2ocl x78zum5 xdt5ytf x13a6bvl xcrg951 x1r145dm\" role=\"none\">\n<div class=\"x78zum5 xh8yej3\" role=\"none\">\n<div class=\"x1cy8zhl x78zum5 xdt5ytf x193iq5w x1n2onr6\">\n<div class=\"x78zum5 xh8yej3\" role=\"none\">\n<div class=\"x1h91t0o xkh2ocl x78zum5 xdt5ytf x13a6bvl x193iq5w x1iyjqo2 xcrg951\" role=\"none\">\n<div class=\"x1r8uery x1iyjqo2\" role=\"none\">Carine Picaud<\/div>\n<div role=\"none\">Alban Roussel<\/div>\n<div role=\"none\">Alain Legrand<\/div>\n<div role=\"none\">Am\u00e9line Di Guilio<\/div>\n<div role=\"none\">Carine Cristalumi\u00e8re<\/div>\n<div role=\"none\">Barbara Baudoux<\/div>\n<div role=\"none\">Fadzila Ouzlifi<\/div>\n<div role=\"none\">Carole Morin<\/div>\n<div role=\"none\">Caroline Paquet<\/div>\n<div role=\"none\">Christelle Barth<\/div>\n<div role=\"none\">Christine Brugnon-Ferri\u00e8re<\/div>\n<div role=\"none\">David Babusci<\/div>\n<div role=\"none\">Johanne Constantineau<\/div>\n<div role=\"none\">Isabelle Jeanpert<\/div>\n<div role=\"none\">Claire Peltier<\/div>\n<div role=\"none\">Eva Baltant<\/div>\n<div role=\"none\">Fran\u00e7ois AMpe<\/div>\n<div role=\"none\">Fr\u00e9d\u00e9rique P\u00e9torin<\/div>\n<div role=\"none\">Peggy Chopin<\/div>\n<div role=\"none\">Laetitia Genin<\/div>\n<div role=\"none\">Nadine Labarch\u00e8de<\/div>\n<div role=\"none\">Lorraine Langevin<\/div>\n<div role=\"none\">Marie-Christine Plumejeaud<\/div>\n<div role=\"none\">Sandra Bourgeois<\/div>\n<div role=\"none\">Sandrine Galley<\/div>\n<\/div>\n<\/div>\n<\/div>\n<\/div>\n<\/div>\n<\/div>\n<\/div>\n<\/div>\n<\/div>\n<\/div>\n","protected":false},"excerpt":{"rendered":"<p>Assistez \u00e0 nos ateliers bien-\u00eatre en conscience donn\u00e9s par nos coachs membres de R\u00e9seautage en Direct. Ne manquez pas cette occasion de vous aider \u00e0 grandir et d\u00e9couvrir votre richesse int\u00e9rieure en conscience. Du Mercredi au vendredi De 8h30 \u00e0 10h30 (heure du Qc) Carine Picaud Alban Roussel Alain Legrand Am\u00e9line Di Guilio Carine Cristalumi\u00e8re Barbara Baudoux Fadzila Ouzlifi Carole Morin Caroline Paquet Christelle Barth Christine Brugnon-Ferri\u00e8re David Babusci Johanne Constantineau Isabelle Jeanpert Claire Peltier Eva Baltant Fran\u00e7ois AMpe Fr\u00e9d\u00e9rique P\u00e9torin Peggy Chopin Laetitia Genin Nadine Labarch\u00e8de Lorraine Langevin Marie-Christine Plumejeaud Sandra Bourgeois Sandrine Galley<\/p>\n","protected":false},"featured_media":0,"template":"","meta":{"_acf_changed":false,"_et_pb_use_builder":"","_et_pb_old_content":"","_et_gb_content_width":"","_eb_attr":"","_price":"1550","_stock":null,"_tribe_ticket_header":"","_tribe_default_ticket_provider":"","_tribe_ticket_capacity":"0","_ticket_start_date":"","_ticket_end_date":"","_tribe_ticket_show_description":"","_tribe_ticket_show_not_going":false,"_tribe_ticket_use_global_stock":"","_tribe_ticket_global_stock_level":"","_global_stock_mode":"","_global_stock_cap":"","_tribe_rsvp_for_event":"","_tribe_ticket_going_count":"","_tribe_ticket_not_going_count":"","_tribe_tickets_list":"[]","_tribe_ticket_has_attendee_info_fields":false},"product_brand":[],"product_cat":[44,42],"product_tag":[279],"class_list":{"0":"post-37614","1":"product","2":"type-product","3":"status-publish","5":"product_cat-conscience-en-direct","6":"product_cat-abonnement","7":"product_tag-conscience","9":"first","10":"instock","11":"virtual","12":"purchasable","13":"product-type-simple"},"acf":[],"_links":{"self":[{"href":"https:\/\/www.reseautageendirect.com\/en\/wp-json\/wp\/v2\/product\/37614","targetHints":{"allow":["GET"]}}],"collection":[{"href":"https:\/\/www.reseautageendirect.com\/en\/wp-json\/wp\/v2\/product"}],"about":[{"href":"https:\/\/www.reseautageendirect.com\/en\/wp-json\/wp\/v2\/types\/product"}],"wp:attachment":[{"href":"https:\/\/www.reseautageendirect.com\/en\/wp-json\/wp\/v2\/media?parent=37614"}],"wp:term":[{"taxonomy":"product_brand","embeddable":true,"href":"https:\/\/www.reseautageendirect.com\/en\/wp-json\/wp\/v2\/product_brand?post=37614"},{"taxonomy":"product_cat","embeddable":true,"href":"https:\/\/www.reseautageendirect.com\/en\/wp-json\/wp\/v2\/product_cat?post=37614"},{"taxonomy":"product_tag","embeddable":true,"href":"https:\/\/www.reseautageendirect.com\/en\/wp-json\/wp\/v2\/product_tag?post=37614"}],"curies":[{"name":"wp","href":"https:\/\/api.w.org\/{rel}","templated":true}]}}