{"id":33901,"date":"2022-11-15T02:04:54","date_gmt":"2022-11-15T07:04:54","guid":{"rendered":"https:\/\/www.reseautageendirect.com\/?post_type=product&#038;p=33901"},"modified":"2026-02-13T16:42:35","modified_gmt":"2026-02-13T21:42:35","slug":"party-noel-red-nose","status":"publish","type":"product","link":"https:\/\/www.reseautageendirect.com\/en\/produit\/party-noel-red-nose\/","title":{"rendered":"PARTY NO\u00cbL RED NOSE"},"content":{"rendered":"<div class=\"x_elementToProof\">\n<div class=\"xdj266r x11i5rnm xat24cr x1mh8g0r x1vvkbs x126k92a\">\n<div dir=\"auto\">\n<p>\ud835\ude47\ud835\ude40 \ud835\ude4b\ud835\ude3c\ud835\ude4d\ud835\ude4f\ud835\ude54 \ud835\ude3f\ud835\ude40 \ud835\ude49\ud835\ude4a\ud835\ude40\u0308\ud835\ude47 \u00e0 ne pas manquer<\/p>\n<p>Seulement 120 places disponibles !<br \/>\nJeudi, le 15 d\u00e9cembre 2022,<br \/>\nClub de golf La Seigneurie, St-Hilaire<br \/>\nPRIX PAR PERSONNE $124.00 et re\u00e7ois plus de $250.00 en cadeau de RED et de ses partenaires<\/p>\n<p>( \u0361 \u1d17 \u0361)<\/p>\n<p>\uff11\uff18\uff48\uff10\uff10 \/\/<br \/>\nCocktail de bienvenue<br \/>\nR\u00e9seautage de NEZ ROUGE<br \/>\nMot de bienvenue<br \/>\nTirages du P\u00c8RE NOEL<\/p>\n<p>\uff11\uff19\uff48\uff13\uff10 \/\/<br \/>\nSouper 4 services<br \/>\nSpectacle avec Pierre Perpall, artiste international<\/p>\n<p>\uff12\uff11\uff48\uff13\uff10 \/\/<br \/>\nCarriole du P\u00e8re Noel,<br \/>\nR\u00e9seautage en traineau,<br \/>\nDJ et soir\u00e9e dansante<\/p>\n<p>\uff10\uff10\uff28\uff10\uff10 \/\/<br \/>\nFin de la soir\u00e9e et ACCOMPAGNEMENTS<br \/>\n\/\/<\/p>\n<p>\ud835\ude4d\ud835\ude40\u0301\ud835\ude4e\ud835\ude40\ud835\ude4d\ud835\ude51\ud835\ude40 \ud835\ude51\ud835\ude44\ud835\ude4f\ud835\ude40<br \/>\n\ud835\ude4e\ud835\ude4a\ud835\ude44\ud835\ude4e \ud835\ude4b\ud835\ude4d\ud835\ude40\u0301\ud835\ude51\ud835\ude4a\ud835\ude54\ud835\ude3c\ud835\ude49\ud835\ude4f \ud835\ude40\ud835\ude4f \ud835\ude4d\ud835\ude40\u0301\ud835\ude4e\ud835\ude40\ud835\ude4d\ud835\ude51\ud835\ude40 \ud835\ude4f\ud835\ude3c \ud835\ude3e\ud835\ude43\ud835\ude3c\ud835\ude48\ud835\ude3d\ud835\ude4d\ud835\ude40 \ud835\ude3c\u0300 \ud835\ude47\u275c\ud835\ude43\ud835\ude4a\u0302\ud835\ude4f\ud835\ude40\ud835\ude47\u00a0\ud835\ude4f\ud835\ude4d\ud835\ude3c\ud835\ude49\ud835\ude4e\ud835\ude44\ud835\ude4f<br \/>\nIl n'y a que 30 chambre disponibles \u00e0 95 $<br \/>\n450 467-2222 -<br \/>\nMENTIONNE party RED NOSE le 15 D\u00e9cembre 2022<br \/>\n30, rue Brunet, Mont-Saint-Hilaire, Qc, J3G 4S6. Tel: 450.467.2222 | Fax: 450.467.4498 | Toll FREE : 1.800.467.2880. Email : hotelletransit@gmail.com<br \/>\nhotelletransit.com<br \/>\n\/\/<br \/>\nhttps:\/\/fb.me\/e\/2YYRPRG6D<\/p>\n<\/div>\n<\/div>\n<div class=\"x11i5rnm xat24cr x1mh8g0r x1vvkbs xtlvy1s x126k92a\"><\/div>\n<\/div>\n","protected":false},"excerpt":{"rendered":"<p>\ud835\ude47\ud835\ude40 \ud835\ude4b\ud835\ude3c\ud835\ude4d\ud835\ude4f\ud835\ude54 \ud835\ude3f\ud835\ude40 \ud835\ude49\ud835\ude4a\ud835\ude40\u0308\ud835\ude47 \u00e0 ne pas manquer Seulement 120 places disponibles ! Jeudi, le 15 d\u00e9cembre 2022, Club de golf La Seigneurie, St-Hilaire PRIX PAR PERSONNE $124.00 et re\u00e7ois plus de $250.00 en cadeau de RED et de ses partenaires ( \u0361 \u1d17 \u0361) \uff11\uff18\uff48\uff10\uff10 \/\/ Cocktail de bienvenue R\u00e9seautage de NEZ ROUGE Mot de bienvenue Tirages du P\u00c8RE NOEL \uff11\uff19\uff48\uff13\uff10 \/\/ Souper 4 services Spectacle avec Pierre Perpall, artiste international \uff12\uff11\uff48\uff13\uff10 \/\/ Carriole du P\u00e8re Noel, R\u00e9seautage en traineau, DJ et soir\u00e9e dansante \uff10\uff10\uff28\uff10\uff10 \/\/ Fin de la soir\u00e9e et ACCOMPAGNEMENTS \/\/ \ud835\ude4d\ud835\ude40\u0301\ud835\ude4e\ud835\ude40\ud835\ude4d\ud835\ude51\ud835\ude40 \ud835\ude51\ud835\ude44\ud835\ude4f\ud835\ude40 \ud835\ude4e\ud835\ude4a\ud835\ude44\ud835\ude4e \ud835\ude4b\ud835\ude4d\ud835\ude40\u0301\ud835\ude51\ud835\ude4a\ud835\ude54\ud835\ude3c\ud835\ude49\ud835\ude4f \ud835\ude40\ud835\ude4f \ud835\ude4d\ud835\ude40\u0301\ud835\ude4e\ud835\ude40\ud835\ude4d\ud835\ude51\ud835\ude40 \ud835\ude4f\ud835\ude3c \ud835\ude3e\ud835\ude43\ud835\ude3c\ud835\ude48\ud835\ude3d\ud835\ude4d\ud835\ude40 \ud835\ude3c\u0300 \ud835\ude47\u275c\ud835\ude43\ud835\ude4a\u0302\ud835\ude4f\ud835\ude40\ud835\ude47\u00a0\ud835\ude4f\ud835\ude4d\ud835\ude3c\ud835\ude49\ud835\ude4e\ud835\ude44\ud835\ude4f Il n&#8217;y a que 30 chambre disponibles \u00e0 95 $ 450 467-2222 &#8211; MENTIONNE party RED NOSE le 15 D\u00e9cembre 2022 30, rue Brunet, Mont-Saint-Hilaire, Qc, J3G 4S6. Tel: 450.467.2222 | Fax: 450.467.4498 | Toll FREE : 1.800.467.2880. Email : hotelletransit@gmail.com hotelletransit.com \/\/ https:\/\/fb.me\/e\/2YYRPRG6D<\/p>\n","protected":false},"featured_media":0,"template":"","meta":{"_acf_changed":false,"_et_pb_use_builder":"","_et_pb_old_content":"","_et_gb_content_width":"","_eb_attr":"","_price":"124","_stock":null,"_tribe_ticket_header":"","_tribe_default_ticket_provider":"","_tribe_ticket_capacity":"33","_ticket_start_date":"","_ticket_end_date":"","_tribe_ticket_show_description":"","_tribe_ticket_show_not_going":false,"_tribe_ticket_use_global_stock":"","_tribe_ticket_global_stock_level":"","_global_stock_mode":"","_global_stock_cap":"","_tribe_rsvp_for_event":"","_tribe_ticket_going_count":"","_tribe_ticket_not_going_count":"","_tribe_tickets_list":"[]","_tribe_ticket_has_attendee_info_fields":false},"product_brand":[],"product_cat":[157],"product_tag":[256,257],"class_list":{"0":"post-33901","1":"product","2":"type-product","3":"status-publish","5":"product_cat-evenement","6":"product_tag-noel","7":"product_tag-party","9":"first","10":"instock","11":"shipping-taxable","12":"purchasable","13":"product-type-simple"},"acf":[],"_links":{"self":[{"href":"https:\/\/www.reseautageendirect.com\/en\/wp-json\/wp\/v2\/product\/33901","targetHints":{"allow":["GET"]}}],"collection":[{"href":"https:\/\/www.reseautageendirect.com\/en\/wp-json\/wp\/v2\/product"}],"about":[{"href":"https:\/\/www.reseautageendirect.com\/en\/wp-json\/wp\/v2\/types\/product"}],"wp:attachment":[{"href":"https:\/\/www.reseautageendirect.com\/en\/wp-json\/wp\/v2\/media?parent=33901"}],"wp:term":[{"taxonomy":"product_brand","embeddable":true,"href":"https:\/\/www.reseautageendirect.com\/en\/wp-json\/wp\/v2\/product_brand?post=33901"},{"taxonomy":"product_cat","embeddable":true,"href":"https:\/\/www.reseautageendirect.com\/en\/wp-json\/wp\/v2\/product_cat?post=33901"},{"taxonomy":"product_tag","embeddable":true,"href":"https:\/\/www.reseautageendirect.com\/en\/wp-json\/wp\/v2\/product_tag?post=33901"}],"curies":[{"name":"wp","href":"https:\/\/api.w.org\/{rel}","templated":true}]}}