{"id":33579,"date":"2022-11-04T23:47:32","date_gmt":"2022-11-05T03:47:32","guid":{"rendered":"https:\/\/www.reseautageendirect.com\/?post_type=product&#038;p=33579"},"modified":"2026-02-13T16:42:36","modified_gmt":"2026-02-13T21:42:36","slug":"commandite-associe","status":"publish","type":"product","link":"https:\/\/www.reseautageendirect.com\/en\/produit\/commandite-associe\/","title":{"rendered":"COMMANDITE ASSOCI\u00c9"},"content":{"rendered":"","protected":false},"excerpt":{"rendered":"<p>&nbsp;<\/p>\n<ul>\n<li><span class=\"JsGRdQ\">Droit de parole d&#8217;une dur\u00e9e de 30 secondes en salle lors de 4 \u00e9v\u00e9nements locaux.<\/span><\/li>\n<li><span class=\"JsGRdQ\">Site r\u00e9seautage en direct sur la page commanditaire local.<\/span><\/li>\n<li><span class=\"JsGRdQ\">Invit\u00e9 sp\u00e9cial lors d&#8217;un gros \u00e9v\u00e9nement en tant que commanditaire.<\/span><\/li>\n<\/ul>\n","protected":false},"featured_media":0,"template":"","meta":{"_acf_changed":false,"_et_pb_use_builder":"","_et_pb_old_content":"","_et_gb_content_width":"","_eb_attr":"","_price":"250","_stock":null,"_tribe_ticket_header":"","_tribe_default_ticket_provider":"","_tribe_ticket_capacity":"0","_ticket_start_date":"","_ticket_end_date":"","_tribe_ticket_show_description":"","_tribe_ticket_show_not_going":false,"_tribe_ticket_use_global_stock":"","_tribe_ticket_global_stock_level":"","_global_stock_mode":"","_global_stock_cap":"","_tribe_rsvp_for_event":"","_tribe_ticket_going_count":"","_tribe_ticket_not_going_count":"","_tribe_tickets_list":"[]","_tribe_ticket_has_attendee_info_fields":false},"product_brand":[],"product_cat":[45,262,263],"product_tag":[],"class_list":{"0":"post-33579","1":"product","2":"type-product","3":"status-publish","5":"product_cat-commanditaire","6":"product_cat-commandite","7":"product_cat-commandite-locale","9":"first","10":"instock","11":"virtual","12":"purchasable","13":"product-type-simple"},"acf":[],"_links":{"self":[{"href":"https:\/\/www.reseautageendirect.com\/en\/wp-json\/wp\/v2\/product\/33579","targetHints":{"allow":["GET"]}}],"collection":[{"href":"https:\/\/www.reseautageendirect.com\/en\/wp-json\/wp\/v2\/product"}],"about":[{"href":"https:\/\/www.reseautageendirect.com\/en\/wp-json\/wp\/v2\/types\/product"}],"wp:attachment":[{"href":"https:\/\/www.reseautageendirect.com\/en\/wp-json\/wp\/v2\/media?parent=33579"}],"wp:term":[{"taxonomy":"product_brand","embeddable":true,"href":"https:\/\/www.reseautageendirect.com\/en\/wp-json\/wp\/v2\/product_brand?post=33579"},{"taxonomy":"product_cat","embeddable":true,"href":"https:\/\/www.reseautageendirect.com\/en\/wp-json\/wp\/v2\/product_cat?post=33579"},{"taxonomy":"product_tag","embeddable":true,"href":"https:\/\/www.reseautageendirect.com\/en\/wp-json\/wp\/v2\/product_tag?post=33579"}],"curies":[{"name":"wp","href":"https:\/\/api.w.org\/{rel}","templated":true}]}}