{"id":33528,"date":"2022-11-04T22:29:41","date_gmt":"2022-11-05T02:29:41","guid":{"rendered":"https:\/\/www.reseautageendirect.com\/?post_type=product&#038;p=33528"},"modified":"2026-02-13T16:43:03","modified_gmt":"2026-02-13T21:43:03","slug":"commandite-majeur","status":"publish","type":"product","link":"https:\/\/www.reseautageendirect.com\/en\/produit\/commandite-majeur\/","title":{"rendered":"COMMANDITE MAJEUR"},"content":{"rendered":"","protected":false},"excerpt":{"rendered":"<ul>\n<li style=\"font-weight: 400;\" aria-level=\"1\"><span style=\"font-weight: 400;\">Droit de parole 3 minutes en salle\/local pour 12 \u00e9v\u00e9nements<\/span><\/li>\n<li style=\"font-weight: 400;\" aria-level=\"1\"><span style=\"font-weight: 400;\">Soulign\u00e9 par l&#8217;animateur di VIP International le mardi, \u00e0 toutes les semaines (50 fois dans l\u2019ann\u00e9e)<\/span><\/li>\n<li style=\"font-weight: 400;\" aria-level=\"1\"><span style=\"font-weight: 400;\">Pr\u00e9sence de sur le site de r\u00e9seautage en direct dans le plan de commandite local<\/span><\/li>\n<li style=\"font-weight: 400;\" aria-level=\"1\"><span style=\"font-weight: 400;\">\u00catre commanditaire principal lors d&#8217;un gros \u00e9v\u00e9nement local.\u00a0<\/span><\/li>\n<\/ul>\n<p><span style=\"font-weight: 400;\">*Le commanditaire doit fournir la banderole lors de l&#8217;\u00e9v\u00e9nement local.<\/span><\/p>\n","protected":false},"featured_media":0,"template":"","meta":{"_acf_changed":false,"_et_pb_use_builder":"","_et_pb_old_content":"","_et_gb_content_width":"","_eb_attr":"","_price":"3000","_stock":null,"_tribe_ticket_header":"","_tribe_default_ticket_provider":"","_tribe_ticket_capacity":"0","_ticket_start_date":"","_ticket_end_date":"","_tribe_ticket_show_description":"","_tribe_ticket_show_not_going":false,"_tribe_ticket_use_global_stock":"","_tribe_ticket_global_stock_level":"","_global_stock_mode":"","_global_stock_cap":"","_tribe_rsvp_for_event":"","_tribe_ticket_going_count":"","_tribe_ticket_not_going_count":"","_tribe_tickets_list":"[]","_tribe_ticket_has_attendee_info_fields":false},"product_brand":[],"product_cat":[45,262,263],"product_tag":[],"class_list":{"0":"post-33528","1":"product","2":"type-product","3":"status-publish","5":"product_cat-commanditaire","6":"product_cat-commandite","7":"product_cat-commandite-locale","9":"first","10":"instock","11":"virtual","12":"purchasable","13":"product-type-simple"},"acf":[],"_links":{"self":[{"href":"https:\/\/www.reseautageendirect.com\/en\/wp-json\/wp\/v2\/product\/33528","targetHints":{"allow":["GET"]}}],"collection":[{"href":"https:\/\/www.reseautageendirect.com\/en\/wp-json\/wp\/v2\/product"}],"about":[{"href":"https:\/\/www.reseautageendirect.com\/en\/wp-json\/wp\/v2\/types\/product"}],"wp:attachment":[{"href":"https:\/\/www.reseautageendirect.com\/en\/wp-json\/wp\/v2\/media?parent=33528"}],"wp:term":[{"taxonomy":"product_brand","embeddable":true,"href":"https:\/\/www.reseautageendirect.com\/en\/wp-json\/wp\/v2\/product_brand?post=33528"},{"taxonomy":"product_cat","embeddable":true,"href":"https:\/\/www.reseautageendirect.com\/en\/wp-json\/wp\/v2\/product_cat?post=33528"},{"taxonomy":"product_tag","embeddable":true,"href":"https:\/\/www.reseautageendirect.com\/en\/wp-json\/wp\/v2\/product_tag?post=33528"}],"curies":[{"name":"wp","href":"https:\/\/api.w.org\/{rel}","templated":true}]}}