{"id":28102,"date":"2022-05-13T17:08:35","date_gmt":"2022-05-13T21:08:35","guid":{"rendered":"https:\/\/www.reseautageendirect.com\/?post_type=product&#038;p=28102"},"modified":"2026-02-13T16:43:04","modified_gmt":"2026-02-13T21:43:04","slug":"vip-en-salle-quebec-mercredi-19-octobre","status":"publish","type":"product","link":"https:\/\/www.reseautageendirect.com\/en\/produit\/vip-en-salle-quebec-mercredi-19-octobre\/","title":{"rendered":"VIP EN SALLE &#8211; QU\u00c9BEC Mercredi 19 octobre"},"content":{"rendered":"<p><em><strong>R\u00c9SEAUTAGE EN DIRECT<\/strong> <\/em>organise un \u00e9v\u00e9nement <em><strong>VIP EN SALLE \u00e0 QU\u00c9BEC<\/strong><\/em><\/p>\n<p>Mercredi 19 octobre 2022, Venez d\u00e9jeuner et r\u00e9seauter en compagnie de plusieurs entrepreneurs<\/p>\n<p>Retrouvez \u00e0 l'animation <strong>Lorraine Langevin <\/strong>ainsi que notre invit\u00e9e sp\u00e9ciale <em><strong>Carole Morin<\/strong><\/em><\/p>\n<p>Co\u00fbt des billets : 25 $ taxes incluses.<\/p>\n<p>Ouverture des portes \u00e0 7h00.<\/p>\n<ul>\n<li>R\u00e9seautage libre<\/li>\n<li>Conf\u00e9rence,<\/li>\n<li>Tables tournantes<\/li>\n<li>Rencontres fructueuses<\/li>\n<\/ul>\n<p>Rejoignez-nous \u00e0 l'H\u00f4tel Classique<\/p>\n<p><img fetchpriority=\"high\" fetchpriority=\"high\" decoding=\"async\" class=\"alignnone wp-image-26932 size-medium\" src=\"https:\/\/www.reseautageendirect.com\/wp-content\/uploads\/2022\/04\/Lorraine-Langevin.JPG-2-237x300.jpg\" alt=\"\" width=\"237\" height=\"300\" \/><img decoding=\"async\" class=\"alignnone size-medium wp-image-31107\" src=\"https:\/\/www.reseautageendirect.com\/wp-content\/uploads\/2022\/08\/Carole-Morin-210x300.jpg\" alt=\"\" width=\"210\" height=\"300\" \/><\/p>\n<p>&nbsp;<\/p>\n<p>&nbsp;<\/p>\n","protected":false},"excerpt":{"rendered":"<p>R\u00c9SEAUTAGE EN DIRECT organise un \u00e9v\u00e9nement VIP EN SALLE \u00e0 QU\u00c9BEC Mercredi 19 octobre 2022, Venez d\u00e9jeuner et r\u00e9seauter en compagnie de plusieurs entrepreneurs Retrouvez \u00e0 l&#8217;animation Lorraine Langevin ainsi que notre invit\u00e9e sp\u00e9ciale Carole Morin Co\u00fbt des billets : 25 $ taxes incluses. Ouverture des portes \u00e0 7h00. R\u00e9seautage libre Conf\u00e9rence, Tables tournantes Rencontres fructueuses Rejoignez-nous \u00e0 l&#8217;H\u00f4tel Classique &nbsp; &nbsp;<\/p>\n","protected":false},"featured_media":0,"template":"","meta":{"_acf_changed":false,"_et_pb_use_builder":"","_et_pb_old_content":"","_et_gb_content_width":"","_eb_attr":"","_price":"25","_stock":null,"_tribe_ticket_header":"","_tribe_default_ticket_provider":"","_tribe_ticket_capacity":"1","_ticket_start_date":"","_ticket_end_date":"","_tribe_ticket_show_description":"","_tribe_ticket_show_not_going":false,"_tribe_ticket_use_global_stock":"","_tribe_ticket_global_stock_level":"","_global_stock_mode":"","_global_stock_cap":"","_tribe_rsvp_for_event":"","_tribe_ticket_going_count":"","_tribe_ticket_not_going_count":"","_tribe_tickets_list":"[]","_tribe_ticket_has_attendee_info_fields":false},"product_brand":[],"product_cat":[157,43],"product_tag":[204],"class_list":{"0":"post-28102","1":"product","2":"type-product","3":"status-publish","5":"product_cat-evenement","6":"product_cat-reseautage-en-direct","7":"product_tag-vip-2","9":"first","10":"instock","11":"virtual","12":"purchasable","13":"product-type-simple"},"acf":[],"_links":{"self":[{"href":"https:\/\/www.reseautageendirect.com\/en\/wp-json\/wp\/v2\/product\/28102","targetHints":{"allow":["GET"]}}],"collection":[{"href":"https:\/\/www.reseautageendirect.com\/en\/wp-json\/wp\/v2\/product"}],"about":[{"href":"https:\/\/www.reseautageendirect.com\/en\/wp-json\/wp\/v2\/types\/product"}],"wp:attachment":[{"href":"https:\/\/www.reseautageendirect.com\/en\/wp-json\/wp\/v2\/media?parent=28102"}],"wp:term":[{"taxonomy":"product_brand","embeddable":true,"href":"https:\/\/www.reseautageendirect.com\/en\/wp-json\/wp\/v2\/product_brand?post=28102"},{"taxonomy":"product_cat","embeddable":true,"href":"https:\/\/www.reseautageendirect.com\/en\/wp-json\/wp\/v2\/product_cat?post=28102"},{"taxonomy":"product_tag","embeddable":true,"href":"https:\/\/www.reseautageendirect.com\/en\/wp-json\/wp\/v2\/product_tag?post=28102"}],"curies":[{"name":"wp","href":"https:\/\/api.w.org\/{rel}","templated":true}]}}