{"id":27726,"date":"2022-05-09T00:38:31","date_gmt":"2022-05-09T04:38:31","guid":{"rendered":"https:\/\/www.reseautageendirect.com\/?post_type=product&#038;p=27726"},"modified":"2026-02-13T16:43:05","modified_gmt":"2026-02-13T21:43:05","slug":"regroupement-des-gens-daffaires-evenement","status":"publish","type":"product","link":"https:\/\/www.reseautageendirect.com\/en\/produit\/regroupement-des-gens-daffaires-evenement\/","title":{"rendered":"Regroupement des gens d&#8217;affaires &#8211; \u00e9v\u00e9nement"},"content":{"rendered":"<div class=\"kvgmc6g5 cxmmr5t8 oygrvhab hcukyx3x c1et5uql ii04i59q\">\n<div dir=\"auto\">Donne un \ud835\udc77\ud835\udc7c\ud835\udc7a\ud835\udc6f \u00e0 ton Entreprise, \ud835\udc68\ud835\udc7c\ud835\udc6e\ud835\udc74\ud835\udc6c\ud835\udc75\ud835\udc7b\ud835\udc6c \ud835\udc7b\ud835\udc6c\ud835\udc7a \ud835\udc7d\ud835\udc6c\ud835\udc75\ud835\udc7b\ud835\udc6c\ud835\udc7a !!!<\/div>\n<\/div>\n<div class=\"cxmmr5t8 oygrvhab hcukyx3x c1et5uql o9v6fnle ii04i59q\">\n<div dir=\"auto\">\ud835\udc68\ud835\udc7a-\ud835\udc7b\ud835\udc7c \ud835\udc68\ud835\udc6a\ud835\udc6f\ud835\udc6c\ud835\udc7b\ud835\udc6c \ud835\udc7b\ud835\udc6c\ud835\udc7a \ud835\udc69\ud835\udc70\ud835\udc73\ud835\udc73\ud835\udc6c\ud835\udc7b\ud835\udc7a ?<\/div>\n<div dir=\"auto\"><\/div>\n<div dir=\"auto\">350 Entrepreneurs, un Bateau, de la Musique <span class=\"pq6dq46d tbxw36s4 knj5qynh kvgmc6g5 ditlmg2l oygrvhab nvdbi5me sf5mxxl7 gl3lb2sf hhz5lgdu\"><img decoding=\"async\" src=\"https:\/\/static.xx.fbcdn.net\/images\/emoji.php\/v9\/t6b\/2\/16\/1f3bc.png\" alt=\"\ud83c\udfbc\" width=\"16\" height=\"16\" \/><\/span><\/div>\n<\/div>\n<div class=\"cxmmr5t8 oygrvhab hcukyx3x c1et5uql o9v6fnle ii04i59q\">\n<div dir=\"auto\">\ud835\udc6a'\ud835\udc6c\ud835\udc7a\ud835\udc7b \ud835\udc74\ud835\udc68\ud835\udc6e\ud835\udc70\ud835\udc78\ud835\udc7c\ud835\udc6c !<span class=\"pq6dq46d tbxw36s4 knj5qynh kvgmc6g5 ditlmg2l oygrvhab nvdbi5me sf5mxxl7 gl3lb2sf hhz5lgdu\"><img decoding=\"async\" src=\"https:\/\/static.xx.fbcdn.net\/images\/emoji.php\/v9\/t75\/2\/16\/2728.png\" alt=\"\u2728\" width=\"16\" height=\"16\" \/><\/span><\/div>\n<div dir=\"auto\"><\/div>\n<\/div>\n<div class=\"cxmmr5t8 oygrvhab hcukyx3x c1et5uql o9v6fnle ii04i59q\">\n<div dir=\"auto\">R\u00e9seautage en Direct organise une croisi\u00e8re unique <span class=\"pq6dq46d tbxw36s4 knj5qynh kvgmc6g5 ditlmg2l oygrvhab nvdbi5me sf5mxxl7 gl3lb2sf hhz5lgdu\"><img decoding=\"async\" src=\"https:\/\/static.xx.fbcdn.net\/images\/emoji.php\/v9\/tdd\/2\/16\/1f6e5.png\" alt=\"\ud83d\udee5\ufe0f\" width=\"16\" height=\"16\" \/><\/span> avec 350 entrepreneurs, DJ, ANIMATION, SURPRISES <span class=\"pq6dq46d tbxw36s4 knj5qynh kvgmc6g5 ditlmg2l oygrvhab nvdbi5me sf5mxxl7 gl3lb2sf hhz5lgdu\"><img loading=\"lazy\" loading=\"lazy\" decoding=\"async\" src=\"https:\/\/static.xx.fbcdn.net\/images\/emoji.php\/v9\/t53\/2\/16\/1f38a.png\" alt=\"\ud83c\udf8a\" width=\"16\" height=\"16\" \/><\/span> <span class=\"pq6dq46d tbxw36s4 knj5qynh kvgmc6g5 ditlmg2l oygrvhab nvdbi5me sf5mxxl7 gl3lb2sf hhz5lgdu\"><img loading=\"lazy\" loading=\"lazy\" decoding=\"async\" src=\"https:\/\/static.xx.fbcdn.net\/images\/emoji.php\/v9\/t2b\/2\/16\/1f389.png\" alt=\"\ud83c\udf89\" width=\"16\" height=\"16\" \/><\/span><\/div>\n<\/div>\n<div class=\"cxmmr5t8 oygrvhab hcukyx3x c1et5uql o9v6fnle ii04i59q\">\n<div dir=\"auto\">Le 25 ao\u00fbt 2022, Rencontre une Multitude d\u2019entrepreneurs et C\u00e9l\u00e8bre en GRAND la Relance entrepreneuriale <span class=\"pq6dq46d tbxw36s4 knj5qynh kvgmc6g5 ditlmg2l oygrvhab nvdbi5me sf5mxxl7 gl3lb2sf hhz5lgdu\"><img loading=\"lazy\" loading=\"lazy\" decoding=\"async\" src=\"https:\/\/static.xx.fbcdn.net\/images\/emoji.php\/v9\/td1\/2\/16\/2757.png\" alt=\"\u2757\" width=\"16\" height=\"16\" \/><\/span><\/div>\n<\/div>\n<div class=\"cxmmr5t8 oygrvhab hcukyx3x c1et5uql o9v6fnle ii04i59q\">\n<div dir=\"auto\"><\/div>\n<div dir=\"auto\">Retrouve <a class=\"oajrlxb2 g5ia77u1 qu0x051f esr5mh6w e9989ue4 r7d6kgcz rq0escxv nhd2j8a9 nc684nl6 p7hjln8o kvgmc6g5 cxmmr5t8 oygrvhab hcukyx3x jb3vyjys rz4wbd8a qt6c0cv9 a8nywdso i1ao9s8h esuyzwwr f1sip0of lzcic4wl gpro0wi8 q66pz984 b1v8xokw\" tabindex=\"0\" role=\"link\" href=\"https:\/\/www.facebook.com\/CoachBriceKamgang?__cft__[0]=AZVGV_7H0dQ-jrUYh-nzJrdoXVxO8UpdJ3l2zyq9gjDqcRMqOJyor-DT-Gy-YhL_xWsrFdtDlGemrCwPsoijpPcuTnRV_MUAe6AX_9UNbtl3RKr8LR1WHlHwx1nbgEmUi4QZvBgK3QfuVsKfvegWVY-CpqkdXiPJH0cnpN2Nfv2_1R0vVWmaWHCKHv1sM41aycPw5jMrQKIFzqqsbwzgbtq7&amp;__tn__=-]K-y-R\" rel=\"nofollow noopener\" target=\"_blank\"><span class=\"nc684nl6\">Brice Kamgang<\/span><\/a> \u00e0 l'animation, 2 prestations de <a class=\"oajrlxb2 g5ia77u1 qu0x051f esr5mh6w e9989ue4 r7d6kgcz rq0escxv nhd2j8a9 nc684nl6 p7hjln8o kvgmc6g5 cxmmr5t8 oygrvhab hcukyx3x jb3vyjys rz4wbd8a qt6c0cv9 a8nywdso i1ao9s8h esuyzwwr f1sip0of lzcic4wl gpro0wi8 q66pz984 b1v8xokw\" tabindex=\"0\" role=\"link\" href=\"https:\/\/www.facebook.com\/profile.php?id=100009031147275&amp;__cft__[0]=AZVGV_7H0dQ-jrUYh-nzJrdoXVxO8UpdJ3l2zyq9gjDqcRMqOJyor-DT-Gy-YhL_xWsrFdtDlGemrCwPsoijpPcuTnRV_MUAe6AX_9UNbtl3RKr8LR1WHlHwx1nbgEmUi4QZvBgK3QfuVsKfvegWVY-CpqkdXiPJH0cnpN2Nfv2_1R0vVWmaWHCKHv1sM41aycPw5jMrQKIFzqqsbwzgbtq7&amp;__tn__=-]K-y-R\" rel=\"nofollow noopener\" target=\"_blank\"><span class=\"nc684nl6\">Scotty Elvis Davis<\/span><\/a> Ambassadeur d'Elvis au Qu\u00e9bec qui f\u00eate son 45e anniversaire professionnel le jour m\u00eame et <a class=\"oajrlxb2 g5ia77u1 qu0x051f esr5mh6w e9989ue4 r7d6kgcz rq0escxv nhd2j8a9 nc684nl6 p7hjln8o kvgmc6g5 cxmmr5t8 oygrvhab hcukyx3x jb3vyjys rz4wbd8a qt6c0cv9 a8nywdso i1ao9s8h esuyzwwr f1sip0of lzcic4wl gpro0wi8 q66pz984 b1v8xokw\" tabindex=\"0\" role=\"link\" href=\"https:\/\/www.facebook.com\/musiqueenfolie1?__cft__[0]=AZVGV_7H0dQ-jrUYh-nzJrdoXVxO8UpdJ3l2zyq9gjDqcRMqOJyor-DT-Gy-YhL_xWsrFdtDlGemrCwPsoijpPcuTnRV_MUAe6AX_9UNbtl3RKr8LR1WHlHwx1nbgEmUi4QZvBgK3QfuVsKfvegWVY-CpqkdXiPJH0cnpN2Nfv2_1R0vVWmaWHCKHv1sM41aycPw5jMrQKIFzqqsbwzgbtq7&amp;__tn__=-]K-y-R\" rel=\"nofollow noopener\" target=\"_blank\"><span class=\"nc684nl6\">Patrice Cazelais<\/span><\/a> producteur de l'\u00e9v\u00e9nement.<\/div>\n<\/div>\n<div class=\"cxmmr5t8 oygrvhab hcukyx3x c1et5uql o9v6fnle ii04i59q\">\n<div dir=\"auto\"><span class=\"pq6dq46d tbxw36s4 knj5qynh kvgmc6g5 ditlmg2l oygrvhab nvdbi5me sf5mxxl7 gl3lb2sf hhz5lgdu\"><img loading=\"lazy\" loading=\"lazy\" decoding=\"async\" src=\"https:\/\/static.xx.fbcdn.net\/images\/emoji.php\/v9\/t35\/2\/16\/2b50.png\" alt=\"\u2b50\ufe0f\" width=\"16\" height=\"16\" \/><\/span> Workshop<\/div>\n<div dir=\"auto\"><span class=\"pq6dq46d tbxw36s4 knj5qynh kvgmc6g5 ditlmg2l oygrvhab nvdbi5me sf5mxxl7 gl3lb2sf hhz5lgdu\"><img loading=\"lazy\" loading=\"lazy\" decoding=\"async\" src=\"https:\/\/static.xx.fbcdn.net\/images\/emoji.php\/v9\/t35\/2\/16\/2b50.png\" alt=\"\u2b50\ufe0f\" width=\"16\" height=\"16\" \/><\/span> Rencontres incroyables<\/div>\n<\/div>\n<div class=\"cxmmr5t8 oygrvhab hcukyx3x c1et5uql o9v6fnle ii04i59q\">\n<div dir=\"auto\"><\/div>\n<div dir=\"auto\">\u00c7a vaut le d\u00e9tour <span class=\"pq6dq46d tbxw36s4 knj5qynh kvgmc6g5 ditlmg2l oygrvhab nvdbi5me sf5mxxl7 gl3lb2sf hhz5lgdu\"><img decoding=\"async\" src=\"https:\/\/static.xx.fbcdn.net\/images\/emoji.php\/v9\/t75\/2\/16\/2728.png\" alt=\"\u2728\" width=\"16\" height=\"16\" \/><\/span><span class=\"pq6dq46d tbxw36s4 knj5qynh kvgmc6g5 ditlmg2l oygrvhab nvdbi5me sf5mxxl7 gl3lb2sf hhz5lgdu\"><img loading=\"lazy\" loading=\"lazy\" decoding=\"async\" src=\"https:\/\/static.xx.fbcdn.net\/images\/emoji.php\/v9\/t90\/2\/16\/1f4af.png\" alt=\"\ud83d\udcaf\" width=\"16\" height=\"16\" \/><\/span><\/div>\n<\/div>\n<div class=\"cxmmr5t8 oygrvhab hcukyx3x c1et5uql o9v6fnle ii04i59q\">\n<div dir=\"auto\">La soir\u00e9e d\u00e9bute \u00e0 17h00 et se prolonge jusqu'\u00e0 21h00.<\/div>\n<\/div>\n<div class=\"cxmmr5t8 oygrvhab hcukyx3x c1et5uql o9v6fnle ii04i59q\">\n<div dir=\"auto\">Co\u00fbt des billets : 45 $ taxes incluses.<\/div>\n<div dir=\"auto\">Rejoins-nous au Quai des Artistes<\/div>\n<div dir=\"auto\">799 Jacques-Cartier \u00e0 Ville de Gatineau<\/div>\n<\/div>\n<div class=\"cxmmr5t8 oygrvhab hcukyx3x c1et5uql o9v6fnle ii04i59q\">\n<div dir=\"auto\">_<\/div>\n<\/div>\n<div class=\"cxmmr5t8 oygrvhab hcukyx3x c1et5uql o9v6fnle ii04i59q\">\n<div dir=\"auto\">\ud835\udc6d\ud835\udc68\ud835\udc70\ud835\udc7b \ud835\udc7d\ud835\udc70\ud835\udc7b\ud835\udc6c \ud835\udc86\ud835\udc95 \ud835\udc79\ud835\udc6c\ud835\udc7a\ud835\udc6c\ud835\udc79\ud835\udc7d\ud835\udc6c \ud835\udc7b\ud835\udc6c\ud835\udc7a \ud835\udc69\ud835\udc70\ud835\udc73\ud835\udc73\ud835\udc6c\ud835\udc7b\ud835\udc7a<\/div>\n<div dir=\"auto\"><span class=\"pq6dq46d tbxw36s4 knj5qynh kvgmc6g5 ditlmg2l oygrvhab nvdbi5me sf5mxxl7 gl3lb2sf hhz5lgdu\"><img loading=\"lazy\" loading=\"lazy\" decoding=\"async\" src=\"https:\/\/static.xx.fbcdn.net\/images\/emoji.php\/v9\/tee\/2\/16\/1f447.png\" alt=\"\ud83d\udc47\" width=\"16\" height=\"16\" \/><\/span><span class=\"pq6dq46d tbxw36s4 knj5qynh kvgmc6g5 ditlmg2l oygrvhab nvdbi5me sf5mxxl7 gl3lb2sf hhz5lgdu\"><img loading=\"lazy\" loading=\"lazy\" decoding=\"async\" src=\"https:\/\/static.xx.fbcdn.net\/images\/emoji.php\/v9\/tee\/2\/16\/1f447.png\" alt=\"\ud83d\udc47\" width=\"16\" height=\"16\" \/><\/span><span class=\"pq6dq46d tbxw36s4 knj5qynh kvgmc6g5 ditlmg2l oygrvhab nvdbi5me sf5mxxl7 gl3lb2sf hhz5lgdu\"><img loading=\"lazy\" loading=\"lazy\" decoding=\"async\" src=\"https:\/\/static.xx.fbcdn.net\/images\/emoji.php\/v9\/tee\/2\/16\/1f447.png\" alt=\"\ud83d\udc47\" width=\"16\" height=\"16\" \/><\/span><\/div>\n<div dir=\"auto\"><a class=\"oajrlxb2 g5ia77u1 qu0x051f esr5mh6w e9989ue4 r7d6kgcz rq0escxv nhd2j8a9 nc684nl6 p7hjln8o kvgmc6g5 cxmmr5t8 oygrvhab hcukyx3x jb3vyjys rz4wbd8a qt6c0cv9 a8nywdso i1ao9s8h esuyzwwr f1sip0of lzcic4wl gpro0wi8 py34i1dx\" tabindex=\"0\" role=\"link\" href=\"https:\/\/www.reseautageendirect.com\/...\/regroupement-des...\/?fbclid=IwAR1EjVqzHIVVDsQvkVLe055aGht74yiVyz2c_zAvRSMWAGsDEy7-Qscb0z8\" target=\"_blank\" rel=\"nofollow noopener\">https:\/\/www.reseautageendirect.com\/...\/regroupement-des...\/<\/a><\/div>\n<div dir=\"auto\">\ud835\udc74\ud835\udc77 pour infos<\/div>\n<\/div>\n<p><img loading=\"lazy\" loading=\"lazy\" decoding=\"async\" class=\"alignnone wp-image-24959 size-thumbnail\" src=\"https:\/\/www.reseautageendirect.com\/wp-content\/uploads\/2022\/03\/Brice-Kamgang-2-150x150.jpg\" alt=\"\" width=\"150\" height=\"150\" \/><img loading=\"lazy\" loading=\"lazy\" decoding=\"async\" class=\"alignnone wp-image-26672 size-thumbnail\" src=\"https:\/\/www.reseautageendirect.com\/wp-content\/uploads\/2022\/03\/Patrice-Cazelais2-150x150.png\" alt=\"\" width=\"150\" height=\"150\" \/><img loading=\"lazy\" loading=\"lazy\" decoding=\"async\" class=\"alignnone wp-image-29644\" src=\"https:\/\/www.reseautageendirect.com\/wp-content\/uploads\/2022\/05\/elvis-200x300.jpeg\" alt=\"\" width=\"99\" height=\"149\" \/><\/p>\n<p>*Grignotines et boissons \u00e0 vos frais.<\/p>\n","protected":false},"excerpt":{"rendered":"<p>Donne un \ud835\udc77\ud835\udc7c\ud835\udc7a\ud835\udc6f \u00e0 ton Entreprise, \ud835\udc68\ud835\udc7c\ud835\udc6e\ud835\udc74\ud835\udc6c\ud835\udc75\ud835\udc7b\ud835\udc6c \ud835\udc7b\ud835\udc6c\ud835\udc7a \ud835\udc7d\ud835\udc6c\ud835\udc75\ud835\udc7b\ud835\udc6c\ud835\udc7a !!! \ud835\udc68\ud835\udc7a-\ud835\udc7b\ud835\udc7c \ud835\udc68\ud835\udc6a\ud835\udc6f\ud835\udc6c\ud835\udc7b\ud835\udc6c \ud835\udc7b\ud835\udc6c\ud835\udc7a \ud835\udc69\ud835\udc70\ud835\udc73\ud835\udc73\ud835\udc6c\ud835\udc7b\ud835\udc7a ? 350 Entrepreneurs, un Bateau, de la Musique \ud835\udc6a&#8217;\ud835\udc6c\ud835\udc7a\ud835\udc7b \ud835\udc74\ud835\udc68\ud835\udc6e\ud835\udc70\ud835\udc78\ud835\udc7c\ud835\udc6c ! R\u00e9seautage en Direct organise une croisi\u00e8re unique avec 350 entrepreneurs, DJ, ANIMATION, SURPRISES Le 25 ao\u00fbt 2022, Rencontre une Multitude d\u2019entrepreneurs et C\u00e9l\u00e8bre en GRAND la Relance entrepreneuriale Retrouve Brice Kamgang \u00e0 l&#8217;animation, 2 prestations de Scotty Elvis Davis Ambassadeur d&#8217;Elvis au Qu\u00e9bec qui f\u00eate son 45e anniversaire professionnel le jour m\u00eame et Patrice Cazelais producteur de l&#8217;\u00e9v\u00e9nement. Workshop Rencontres incroyables \u00c7a vaut le d\u00e9tour La soir\u00e9e d\u00e9bute \u00e0 17h00 et se prolonge jusqu&#8217;\u00e0 21h00. Co\u00fbt des billets : 45 $ taxes incluses. Rejoins-nous au Quai des Artistes 799 Jacques-Cartier \u00e0 Ville de Gatineau _ \ud835\udc6d\ud835\udc68\ud835\udc70\ud835\udc7b \ud835\udc7d\ud835\udc70\ud835\udc7b\ud835\udc6c \ud835\udc86\ud835\udc95 \ud835\udc79\ud835\udc6c\ud835\udc7a\ud835\udc6c\ud835\udc79\ud835\udc7d\ud835\udc6c \ud835\udc7b\ud835\udc6c\ud835\udc7a \ud835\udc69\ud835\udc70\ud835\udc73\ud835\udc73\ud835\udc6c\ud835\udc7b\ud835\udc7a https:\/\/www.reseautageendirect.com\/&#8230;\/regroupement-des&#8230;\/ \ud835\udc74\ud835\udc77 pour infos *Grignotines et boissons \u00e0 vos frais.<\/p>\n","protected":false},"featured_media":0,"template":"","meta":{"_acf_changed":false,"_et_pb_use_builder":"","_et_pb_old_content":"","_et_gb_content_width":"","_eb_attr":"","_price":"45","_stock":null,"_tribe_ticket_header":"","_tribe_default_ticket_provider":"","_tribe_ticket_capacity":"23","_ticket_start_date":"","_ticket_end_date":"","_tribe_ticket_show_description":"","_tribe_ticket_show_not_going":false,"_tribe_ticket_use_global_stock":"","_tribe_ticket_global_stock_level":"","_global_stock_mode":"","_global_stock_cap":"","_tribe_rsvp_for_event":"","_tribe_ticket_going_count":"","_tribe_ticket_not_going_count":"","_tribe_tickets_list":"[]","_tribe_ticket_has_attendee_info_fields":false},"product_brand":[],"product_cat":[157],"product_tag":[],"class_list":{"0":"post-27726","1":"product","2":"type-product","3":"status-publish","5":"product_cat-evenement","7":"first","8":"instock","9":"virtual","10":"purchasable","11":"product-type-simple"},"acf":[],"_links":{"self":[{"href":"https:\/\/www.reseautageendirect.com\/en\/wp-json\/wp\/v2\/product\/27726","targetHints":{"allow":["GET"]}}],"collection":[{"href":"https:\/\/www.reseautageendirect.com\/en\/wp-json\/wp\/v2\/product"}],"about":[{"href":"https:\/\/www.reseautageendirect.com\/en\/wp-json\/wp\/v2\/types\/product"}],"wp:attachment":[{"href":"https:\/\/www.reseautageendirect.com\/en\/wp-json\/wp\/v2\/media?parent=27726"}],"wp:term":[{"taxonomy":"product_brand","embeddable":true,"href":"https:\/\/www.reseautageendirect.com\/en\/wp-json\/wp\/v2\/product_brand?post=27726"},{"taxonomy":"product_cat","embeddable":true,"href":"https:\/\/www.reseautageendirect.com\/en\/wp-json\/wp\/v2\/product_cat?post=27726"},{"taxonomy":"product_tag","embeddable":true,"href":"https:\/\/www.reseautageendirect.com\/en\/wp-json\/wp\/v2\/product_tag?post=27726"}],"curies":[{"name":"wp","href":"https:\/\/api.w.org\/{rel}","templated":true}]}}