{"id":13560,"date":"2021-05-07T13:34:40","date_gmt":"2021-05-07T17:34:40","guid":{"rendered":"https:\/\/www.reseautageendirect.com\/?post_type=product&#038;p=13560"},"modified":"2026-02-13T16:43:58","modified_gmt":"2026-02-13T21:43:58","slug":"formation-pcm","status":"publish","type":"product","link":"https:\/\/www.reseautageendirect.com\/en\/produit\/formation-pcm\/","title":{"rendered":"Formation PCM"},"content":{"rendered":"<p>Si vous choisissez l'option \u00abPayez en trois versements\u00bb, vous serez contact\u00e9 lorsqu'il sera temps d'effectuer votre deuxi\u00e8me et troisi\u00e8me paiement.<\/p>\n","protected":false},"excerpt":{"rendered":"<p>Si vous choisissez l&#8217;option \u00abPayez en trois versements\u00bb, vous serez contact\u00e9 lorsqu&#8217;il sera temps d&#8217;effectuer votre deuxi\u00e8me et troisi\u00e8me paiement.<\/p>\n","protected":false},"featured_media":13563,"template":"","meta":{"_acf_changed":false,"_et_pb_use_builder":"","_et_pb_old_content":"","_et_gb_content_width":"","_eb_attr":"","_price":"363.33","_stock":null,"_tribe_ticket_header":"","_tribe_default_ticket_provider":"","_ticket_start_date":"","_ticket_end_date":"","_tribe_ticket_show_description":"","_tribe_ticket_show_not_going":false,"_tribe_ticket_use_global_stock":"","_tribe_ticket_global_stock_level":"","_global_stock_mode":"","_global_stock_cap":"","_tribe_rsvp_for_event":"","_tribe_ticket_going_count":"","_tribe_ticket_not_going_count":"","_tribe_tickets_list":"[]","_tribe_ticket_has_attendee_info_fields":false},"product_brand":[],"product_cat":[43],"product_tag":[],"class_list":{"0":"post-13560","1":"product","2":"type-product","3":"status-publish","4":"has-post-thumbnail","6":"product_cat-reseautage-en-direct","8":"first","9":"instock","10":"shipping-taxable","11":"purchasable","12":"product-type-variable"},"acf":[],"_links":{"self":[{"href":"https:\/\/www.reseautageendirect.com\/en\/wp-json\/wp\/v2\/product\/13560","targetHints":{"allow":["GET"]}}],"collection":[{"href":"https:\/\/www.reseautageendirect.com\/en\/wp-json\/wp\/v2\/product"}],"about":[{"href":"https:\/\/www.reseautageendirect.com\/en\/wp-json\/wp\/v2\/types\/product"}],"wp:featuredmedia":[{"embeddable":true,"href":"https:\/\/www.reseautageendirect.com\/en\/wp-json\/wp\/v2\/media\/13563"}],"wp:attachment":[{"href":"https:\/\/www.reseautageendirect.com\/en\/wp-json\/wp\/v2\/media?parent=13560"}],"wp:term":[{"taxonomy":"product_brand","embeddable":true,"href":"https:\/\/www.reseautageendirect.com\/en\/wp-json\/wp\/v2\/product_brand?post=13560"},{"taxonomy":"product_cat","embeddable":true,"href":"https:\/\/www.reseautageendirect.com\/en\/wp-json\/wp\/v2\/product_cat?post=13560"},{"taxonomy":"product_tag","embeddable":true,"href":"https:\/\/www.reseautageendirect.com\/en\/wp-json\/wp\/v2\/product_tag?post=13560"}],"curies":[{"name":"wp","href":"https:\/\/api.w.org\/{rel}","templated":true}]}}