{"id":43016,"date":"2022-12-30T01:07:53","date_gmt":"2022-12-30T06:07:53","guid":{"rendered":"https:\/\/www.reseautageendirect.com\/calendriers\/"},"modified":"2024-08-28T13:13:13","modified_gmt":"2024-08-28T17:13:13","slug":"calendriers","status":"publish","type":"page","link":"https:\/\/www.reseautageendirect.com\/en\/calendriers\/","title":{"rendered":"CALENDRIERS"},"content":{"rendered":"\t\t<div data-elementor-type=\"wp-page\" data-elementor-id=\"43016\" class=\"elementor elementor-43016 elementor-40226\" data-elementor-post-type=\"page\">\n\t\t\t\t\t\t<section class=\"elementor-section elementor-top-section elementor-element elementor-element-770193d0 elementor-section-stretched elementor-section-boxed elementor-section-height-default elementor-section-height-default wpr-particle-no wpr-jarallax-no wpr-parallax-no wpr-sticky-section-no\" data-id=\"770193d0\" data-element_type=\"section\" data-e-type=\"section\" data-settings=\"{&quot;background_background&quot;:&quot;classic&quot;,&quot;stretch_section&quot;:&quot;section-stretched&quot;}\">\n\t\t\t\t\t\t\t<div class=\"elementor-background-overlay\"><\/div>\n\t\t\t\t\t\t\t<div class=\"elementor-container elementor-column-gap-default\">\n\t\t\t\t\t<div class=\"elementor-column elementor-col-100 elementor-top-column elementor-element elementor-element-4a0795ce\" data-id=\"4a0795ce\" data-element_type=\"column\" data-e-type=\"column\" data-settings=\"{&quot;background_background&quot;:&quot;classic&quot;}\">\n\t\t\t<div class=\"elementor-widget-wrap elementor-element-populated\">\n\t\t\t\t\t\t<div class=\"elementor-element elementor-element-9561bac elementor-widget elementor-widget-heading\" data-id=\"9561bac\" data-element_type=\"widget\" data-e-type=\"widget\" data-widget_type=\"heading.default\">\n\t\t\t\t\t<h2 class=\"elementor-heading-title elementor-size-default\">NOS CALENDRIERS<\/h2>\t\t\t\t<\/div>\n\t\t\t\t<div class=\"elementor-element elementor-element-b229975 elementor-widget-divider--view-line elementor-widget elementor-widget-divider\" data-id=\"b229975\" data-element_type=\"widget\" data-e-type=\"widget\" data-widget_type=\"divider.default\">\n\t\t\t\t\t\t\t<div class=\"elementor-divider\">\n\t\t\t<span class=\"elementor-divider-separator\">\n\t\t\t\t\t\t<\/span>\n\t\t<\/div>\n\t\t\t\t\t\t<\/div>\n\t\t\t\t<div class=\"elementor-element elementor-element-1d05784 elementor-widget elementor-widget-text-editor\" data-id=\"1d05784\" data-element_type=\"widget\" data-e-type=\"widget\" data-widget_type=\"text-editor.default\">\n\t\t\t\t\t\t\t\t\t<p><span style=\"font-size: 18px; color: var( --e-global-color-de09c66 ); font-family: var( --e-global-typography-text-font-family ), Sans-serif; font-weight: var( --e-global-typography-text-font-weight );\">Que ce soit en ligne ou en pr\u00e9sentiel nous avons un nombre \u00e9l\u00e9v\u00e9 d&#8217;\u00e9v\u00e9nements toutes les semaines. Vous n&#8217;avez qu&#8217;\u00e0 choisir ce qui vous plait.\u00a0 \u00a0<\/span><\/p>\t\t\t\t\t\t\t\t<\/div>\n\t\t\t\t\t<\/div>\n\t\t<\/div>\n\t\t\t\t\t<\/div>\n\t\t<\/section>\n\t\t\t\t<section class=\"elementor-section elementor-top-section elementor-element elementor-element-80354c9 elementor-section-boxed elementor-section-height-default elementor-section-height-default wpr-particle-no wpr-jarallax-no wpr-parallax-no wpr-sticky-section-no\" data-id=\"80354c9\" data-element_type=\"section\" data-e-type=\"section\" data-settings=\"{&quot;background_background&quot;:&quot;classic&quot;}\">\n\t\t\t\t\t\t<div class=\"elementor-container elementor-column-gap-no\">\n\t\t\t\t\t<div class=\"elementor-column elementor-col-33 elementor-top-column elementor-element elementor-element-166e891\" data-id=\"166e891\" data-element_type=\"column\" data-e-type=\"column\" data-settings=\"{&quot;background_background&quot;:&quot;classic&quot;}\">\n\t\t\t<div class=\"elementor-widget-wrap elementor-element-populated\">\n\t\t\t\t\t\t<div class=\"elementor-element elementor-element-3f15242 elementor-widget elementor-widget-image-box\" data-id=\"3f15242\" data-element_type=\"widget\" data-e-type=\"widget\" data-widget_type=\"image-box.default\">\n\t\t\t\t\t<div class=\"elementor-image-box-wrapper\"><div class=\"elementor-image-box-content\"><h3 class=\"elementor-image-box-title\">CANADA<\/h3><p class=\"elementor-image-box-description\">TOUS NOS \u00c9V\u00c9NEMENTS EN PR\u00c9SENTIEL AU QU\u00c9BEC ET DANS L'EST DE L'ONTARIO <\/p><\/div><\/div>\t\t\t\t<\/div>\n\t\t\t\t<div class=\"elementor-element elementor-element-f2e28d1 elementor-align-justify elementor-widget elementor-widget-button\" data-id=\"f2e28d1\" data-element_type=\"widget\" data-e-type=\"widget\" data-widget_type=\"button.default\">\n\t\t\t\t\t\t\t\t\t\t<a class=\"elementor-button elementor-button-link elementor-size-sm\" href=\"https:\/\/www.reseautageendirect.com\/calendrier\/category\/evenements-en-presentiel-qc\/\">\n\t\t\t\t\t\t<span class=\"elementor-button-content-wrapper\">\n\t\t\t\t\t\t\t\t\t<span class=\"elementor-button-text\">VOIR<\/span>\n\t\t\t\t\t<\/span>\n\t\t\t\t\t<\/a>\n\t\t\t\t\t\t\t\t<\/div>\n\t\t\t\t\t<\/div>\n\t\t<\/div>\n\t\t\t\t<div class=\"elementor-column elementor-col-33 elementor-top-column elementor-element elementor-element-5f07153\" data-id=\"5f07153\" data-element_type=\"column\" data-e-type=\"column\" data-settings=\"{&quot;background_background&quot;:&quot;classic&quot;}\">\n\t\t\t<div class=\"elementor-widget-wrap elementor-element-populated\">\n\t\t\t\t\t\t<div class=\"elementor-element elementor-element-dabe7d4 elementor-widget elementor-widget-image-box\" data-id=\"dabe7d4\" data-element_type=\"widget\" data-e-type=\"widget\" data-widget_type=\"image-box.default\">\n\t\t\t\t\t<div class=\"elementor-image-box-wrapper\"><div class=\"elementor-image-box-content\"><h3 class=\"elementor-image-box-title\">europe<\/h3><p class=\"elementor-image-box-description\">TOUS NOS \u00c9V\u00c9NEMENTS EN PR\u00c9SENTIEL EN EUROPE,FRANCE, SUISSE, BELGIQUE, MAROC <\/p><\/div><\/div>\t\t\t\t<\/div>\n\t\t\t\t<div class=\"elementor-element elementor-element-1e73c32 elementor-align-justify elementor-widget elementor-widget-button\" data-id=\"1e73c32\" data-element_type=\"widget\" data-e-type=\"widget\" data-widget_type=\"button.default\">\n\t\t\t\t\t\t\t\t\t\t<a class=\"elementor-button elementor-button-link elementor-size-sm\" href=\"https:\/\/www.reseautageendirect.com\/evenements-en-presentiel-europe\/\">\n\t\t\t\t\t\t<span class=\"elementor-button-content-wrapper\">\n\t\t\t\t\t\t\t\t\t<span class=\"elementor-button-text\">VOIR<\/span>\n\t\t\t\t\t<\/span>\n\t\t\t\t\t<\/a>\n\t\t\t\t\t\t\t\t<\/div>\n\t\t\t\t\t<\/div>\n\t\t<\/div>\n\t\t\t\t<div class=\"elementor-column elementor-col-33 elementor-top-column elementor-element elementor-element-bc4ace8\" data-id=\"bc4ace8\" data-element_type=\"column\" data-e-type=\"column\" data-settings=\"{&quot;background_background&quot;:&quot;classic&quot;}\">\n\t\t\t<div class=\"elementor-widget-wrap elementor-element-populated\">\n\t\t\t\t\t\t<div class=\"elementor-element elementor-element-08e24e4 elementor-widget elementor-widget-image-box\" data-id=\"08e24e4\" data-element_type=\"widget\" data-e-type=\"widget\" data-widget_type=\"image-box.default\">\n\t\t\t\t\t<div class=\"elementor-image-box-wrapper\"><div class=\"elementor-image-box-content\"><h3 class=\"elementor-image-box-title\">R\u00c9GULIER<\/h3><p class=\"elementor-image-box-description\">TOUTES NOS ACTIVIT\u00c9S DE R\u00c9SEAUTAGE EN LIGNE <br clear='none'\/>\u00abSPEED NETWORKING\u00bb<\/p><\/div><\/div>\t\t\t\t<\/div>\n\t\t\t\t<div class=\"elementor-element elementor-element-8447057 elementor-align-justify elementor-tablet-align-justify elementor-widget elementor-widget-button\" data-id=\"8447057\" data-element_type=\"widget\" data-e-type=\"widget\" data-widget_type=\"button.default\">\n\t\t\t\t\t\t\t\t\t\t<a class=\"elementor-button elementor-button-link elementor-size-sm\" href=\"https:\/\/www.reseautageendirect.com\/calendrier\/category\/reseautage-regulier\/\">\n\t\t\t\t\t\t<span class=\"elementor-button-content-wrapper\">\n\t\t\t\t\t\t\t\t\t<span class=\"elementor-button-text\">VOIR<\/span>\n\t\t\t\t\t<\/span>\n\t\t\t\t\t<\/a>\n\t\t\t\t\t\t\t\t<\/div>\n\t\t\t\t\t<\/div>\n\t\t<\/div>\n\t\t\t\t\t<\/div>\n\t\t<\/section>\n\t\t\t\t<section class=\"elementor-section elementor-top-section elementor-element elementor-element-7ec1a82 elementor-section-boxed elementor-section-height-default elementor-section-height-default wpr-particle-no wpr-jarallax-no wpr-parallax-no wpr-sticky-section-no\" data-id=\"7ec1a82\" data-element_type=\"section\" data-e-type=\"section\" data-settings=\"{&quot;background_background&quot;:&quot;classic&quot;}\">\n\t\t\t\t\t\t<div class=\"elementor-container elementor-column-gap-no\">\n\t\t\t\t\t<div class=\"elementor-column elementor-col-33 elementor-top-column elementor-element elementor-element-3be370e\" data-id=\"3be370e\" data-element_type=\"column\" data-e-type=\"column\" data-settings=\"{&quot;background_background&quot;:&quot;classic&quot;}\">\n\t\t\t<div class=\"elementor-widget-wrap elementor-element-populated\">\n\t\t\t\t\t\t<div class=\"elementor-element elementor-element-95a6c4b elementor-widget elementor-widget-image-box\" data-id=\"95a6c4b\" data-element_type=\"widget\" data-e-type=\"widget\" data-widget_type=\"image-box.default\">\n\t\t\t\t\t<div class=\"elementor-image-box-wrapper\"><div class=\"elementor-image-box-content\"><h3 class=\"elementor-image-box-title\">en ligne<\/h3><p class=\"elementor-image-box-description\">TOUS NOS \u00c9V\u00c9NEMENTS EN ZOOM<\/p><\/div><\/div>\t\t\t\t<\/div>\n\t\t\t\t<div class=\"elementor-element elementor-element-6d98ca8 elementor-align-justify elementor-widget elementor-widget-button\" data-id=\"6d98ca8\" data-element_type=\"widget\" data-e-type=\"widget\" data-widget_type=\"button.default\">\n\t\t\t\t\t\t\t\t\t\t<a class=\"elementor-button elementor-button-link elementor-size-sm\" href=\"https:\/\/www.reseautageendirect.com\/calendrier\/liste\/\">\n\t\t\t\t\t\t<span class=\"elementor-button-content-wrapper\">\n\t\t\t\t\t\t\t\t\t<span class=\"elementor-button-text\">VOIR<\/span>\n\t\t\t\t\t<\/span>\n\t\t\t\t\t<\/a>\n\t\t\t\t\t\t\t\t<\/div>\n\t\t\t\t\t<\/div>\n\t\t<\/div>\n\t\t\t\t<div class=\"elementor-column elementor-col-33 elementor-top-column elementor-element elementor-element-0f312f4\" data-id=\"0f312f4\" data-element_type=\"column\" data-e-type=\"column\" data-settings=\"{&quot;background_background&quot;:&quot;classic&quot;}\">\n\t\t\t<div class=\"elementor-widget-wrap elementor-element-populated\">\n\t\t\t\t\t\t<div class=\"elementor-element elementor-element-5087525 elementor-widget elementor-widget-image-box\" data-id=\"5087525\" data-element_type=\"widget\" data-e-type=\"widget\" data-widget_type=\"image-box.default\">\n\t\t\t\t\t<div class=\"elementor-image-box-wrapper\"><div class=\"elementor-image-box-content\"><h3 class=\"elementor-image-box-title\">R\u00c9SEAUTAGE VIP<\/h3><p class=\"elementor-image-box-description\">TOUS NOS R\u00c9SEAUTAGES D\u00c9DI\u00c9S AUX MEMBRES VIP<\/p><\/div><\/div>\t\t\t\t<\/div>\n\t\t\t\t<div class=\"elementor-element elementor-element-710db1d elementor-align-justify elementor-widget elementor-widget-button\" data-id=\"710db1d\" data-element_type=\"widget\" data-e-type=\"widget\" data-widget_type=\"button.default\">\n\t\t\t\t\t\t\t\t\t\t<a class=\"elementor-button elementor-button-link elementor-size-sm\" href=\"https:\/\/www.reseautageendirect.com\/calendrier\/category\/reseautage-vip\/\">\n\t\t\t\t\t\t<span class=\"elementor-button-content-wrapper\">\n\t\t\t\t\t\t\t\t\t<span class=\"elementor-button-text\">VOIR<\/span>\n\t\t\t\t\t<\/span>\n\t\t\t\t\t<\/a>\n\t\t\t\t\t\t\t\t<\/div>\n\t\t\t\t\t<\/div>\n\t\t<\/div>\n\t\t\t\t<div class=\"elementor-column elementor-col-33 elementor-top-column elementor-element elementor-element-91fec2d\" data-id=\"91fec2d\" data-element_type=\"column\" data-e-type=\"column\" data-settings=\"{&quot;background_background&quot;:&quot;classic&quot;}\">\n\t\t\t<div class=\"elementor-widget-wrap elementor-element-populated\">\n\t\t\t\t\t\t<div class=\"elementor-element elementor-element-8ca173c elementor-widget elementor-widget-image-box\" data-id=\"8ca173c\" data-element_type=\"widget\" data-e-type=\"widget\" data-widget_type=\"image-box.default\">\n\t\t\t\t\t<div class=\"elementor-image-box-wrapper\"><div class=\"elementor-image-box-content\"><h3 class=\"elementor-image-box-title\">FORMATIONS<\/h3><p class=\"elementor-image-box-description\">TOUTES NOS FORMATIONS DONN\u00c9ES PAR NOS EXPERTS<\/p><\/div><\/div>\t\t\t\t<\/div>\n\t\t\t\t<div class=\"elementor-element elementor-element-051253b elementor-align-justify elementor-widget elementor-widget-button\" data-id=\"051253b\" data-element_type=\"widget\" data-e-type=\"widget\" data-widget_type=\"button.default\">\n\t\t\t\t\t\t\t\t\t\t<a class=\"elementor-button elementor-button-link elementor-size-sm\" href=\"https:\/\/www.reseautageendirect.com\/calendrier\/category\/academie-de-formations\/\">\n\t\t\t\t\t\t<span class=\"elementor-button-content-wrapper\">\n\t\t\t\t\t\t\t\t\t<span class=\"elementor-button-text\">VOIR<\/span>\n\t\t\t\t\t<\/span>\n\t\t\t\t\t<\/a>\n\t\t\t\t\t\t\t\t<\/div>\n\t\t\t\t\t<\/div>\n\t\t<\/div>\n\t\t\t\t\t<\/div>\n\t\t<\/section>\n\t\t\t\t<section class=\"elementor-section elementor-top-section elementor-element elementor-element-7907bdf elementor-section-boxed elementor-section-height-default elementor-section-height-default wpr-particle-no wpr-jarallax-no wpr-parallax-no wpr-sticky-section-no\" data-id=\"7907bdf\" data-element_type=\"section\" data-e-type=\"section\" data-settings=\"{&quot;background_background&quot;:&quot;classic&quot;}\">\n\t\t\t\t\t\t<div class=\"elementor-container elementor-column-gap-no\">\n\t\t\t\t\t<div class=\"elementor-column elementor-col-33 elementor-top-column elementor-element elementor-element-077c277\" data-id=\"077c277\" data-element_type=\"column\" data-e-type=\"column\" data-settings=\"{&quot;background_background&quot;:&quot;classic&quot;}\">\n\t\t\t<div class=\"elementor-widget-wrap elementor-element-populated\">\n\t\t\t\t\t\t<div class=\"elementor-element elementor-element-52957ab elementor-widget elementor-widget-image-box\" data-id=\"52957ab\" data-element_type=\"widget\" data-e-type=\"widget\" data-widget_type=\"image-box.default\">\n\t\t\t\t\t<div class=\"elementor-image-box-wrapper\"><div class=\"elementor-image-box-content\"><h3 class=\"elementor-image-box-title\">RED EN \u00c9VEIL<\/h3><p class=\"elementor-image-box-description\">TOUTES LES ACTIVIT\u00c9S LI\u00c9ES AU BIEN-\u00caTRE<\/p><\/div><\/div>\t\t\t\t<\/div>\n\t\t\t\t<div class=\"elementor-element elementor-element-83fdd83 elementor-align-justify elementor-widget elementor-widget-button\" data-id=\"83fdd83\" data-element_type=\"widget\" data-e-type=\"widget\" data-widget_type=\"button.default\">\n\t\t\t\t\t\t\t\t\t\t<a class=\"elementor-button elementor-button-link elementor-size-sm\" href=\"https:\/\/www.reseautageendirect.com\/calendrier\/category\/red-en-conscience\/\">\n\t\t\t\t\t\t<span class=\"elementor-button-content-wrapper\">\n\t\t\t\t\t\t\t\t\t<span class=\"elementor-button-text\">VOIR<\/span>\n\t\t\t\t\t<\/span>\n\t\t\t\t\t<\/a>\n\t\t\t\t\t\t\t\t<\/div>\n\t\t\t\t\t<\/div>\n\t\t<\/div>\n\t\t\t\t<div class=\"elementor-column elementor-col-33 elementor-top-column elementor-element elementor-element-c46ad69\" data-id=\"c46ad69\" data-element_type=\"column\" data-e-type=\"column\" data-settings=\"{&quot;background_background&quot;:&quot;classic&quot;}\">\n\t\t\t<div class=\"elementor-widget-wrap elementor-element-populated\">\n\t\t\t\t\t\t<div class=\"elementor-element elementor-element-351a2ea elementor-widget elementor-widget-image-box\" data-id=\"351a2ea\" data-element_type=\"widget\" data-e-type=\"widget\" data-widget_type=\"image-box.default\">\n\t\t\t\t\t<div class=\"elementor-image-box-wrapper\"><div class=\"elementor-image-box-content\"><h3 class=\"elementor-image-box-title\">CONF\u00c9RENCIERS EN DIRECT<\/h3><p class=\"elementor-image-box-description\">VENEZ ENCOURAGER <br clear='none'\/>NOS CONF\u00c9RENCIERS<\/p><\/div><\/div>\t\t\t\t<\/div>\n\t\t\t\t<div class=\"elementor-element elementor-element-580418f elementor-align-justify elementor-widget elementor-widget-button\" data-id=\"580418f\" data-element_type=\"widget\" data-e-type=\"widget\" data-widget_type=\"button.default\">\n\t\t\t\t\t\t\t\t\t\t<a class=\"elementor-button elementor-button-link elementor-size-sm\" href=\"https:\/\/www.reseautageendirect.com\/calendrier\/category\/conferencier-en-direct\/\">\n\t\t\t\t\t\t<span class=\"elementor-button-content-wrapper\">\n\t\t\t\t\t\t\t\t\t<span class=\"elementor-button-text\">VOIR<\/span>\n\t\t\t\t\t<\/span>\n\t\t\t\t\t<\/a>\n\t\t\t\t\t\t\t\t<\/div>\n\t\t\t\t\t<\/div>\n\t\t<\/div>\n\t\t\t\t<div class=\"elementor-column elementor-col-33 elementor-top-column elementor-element elementor-element-d95d1c1\" data-id=\"d95d1c1\" data-element_type=\"column\" data-e-type=\"column\" data-settings=\"{&quot;background_background&quot;:&quot;classic&quot;}\">\n\t\t\t<div class=\"elementor-widget-wrap\">\n\t\t\t\t\t\t\t<\/div>\n\t\t<\/div>\n\t\t\t\t\t<\/div>\n\t\t<\/section>\n\t\t\t\t<\/div>\n\t\t","protected":false},"excerpt":{"rendered":"<p>Ce groupe est con\u00e7u pour les entrepreneurs qui d\u00e9sirent augmenter la visibilit\u00e9 de leur commerce. Nos membres ont un d\u00e9sir profond de travailler en collaboration avec d\u2019autres et de faire conna\u00eetre leur entreprise.<br \/>\nLe r\u00e9seautage est disponible dans toute la francophonie, gr\u00e2ce aux rencontres virtuelles.<\/p>\n","protected":false},"author":1033,"featured_media":41734,"parent":0,"menu_order":1,"comment_status":"closed","ping_status":"closed","template":"","meta":{"_acf_changed":false,"_et_pb_use_builder":"on","_et_pb_old_content":"<h2>NOS CALENDRIERS<\/h2>\t\t\n\t\t<p>Que ce soit en ligne ou en pr\u00e9sentiel nous avons un nombre \u00e9l\u00e9v\u00e9 d'\u00e9v\u00e9nements toutes les semaines. Vous n'avez qu'\u00e0 choisir ce qui vous plait.\u00a0 \u00a0<\/p>\t\t\n\t\t\t<h3>CANADA<\/h3><p>TOUS NOS \u00c9V\u00c9NEMENTS EN PR\u00c9SENTIEL AU QU\u00c9BEC ET DANS L'EST DE L'ONTARIO <\/p>\t\t\n\t\t\t<a href=\"https:\/\/www.reseautageendirect.com\/calendrier\/category\/evenements-en-presentiel-qc\/\" role=\"button\">\n\t\t\t\t\t\tVOIR\n\t\t\t\t\t<\/a>\n\t\t\t<h3>europe<\/h3><p>TOUS NOS \u00c9V\u00c9NEMENTS EN PR\u00c9SENTIEL EN EUROPE,FRANCE, SUISSE, BELGIQUE, MAROC <\/p>\t\t\n\t\t\t<a href=\"https:\/\/www.reseautageendirect.com\/evenements-en-presentiel-europe\/\" role=\"button\">\n\t\t\t\t\t\tVOIR\n\t\t\t\t\t<\/a>\n\t\t\t<h3>R\u00c9GULIER<\/h3><p>TOUTES NOS ACTIVIT\u00c9S DE R\u00c9SEAUTAGE EN LIGNE <br>\u00abSPEED NETWORKING\u00bb<\/p>\t\t\n\t\t\t<a href=\"https:\/\/www.reseautageendirect.com\/calendrier\/category\/reseautage-regulier\/\" role=\"button\">\n\t\t\t\t\t\tVOIR\n\t\t\t\t\t<\/a>\n\t\t\t<h3>en ligne<\/h3><p>TOUS NOS \u00c9V\u00c9NEMENTS EN ZOOM<\/p>\t\t\n\t\t\t<a href=\"https:\/\/www.reseautageendirect.com\/calendrier\/liste\/\" role=\"button\">\n\t\t\t\t\t\tVOIR\n\t\t\t\t\t<\/a>\n\t\t\t<h3>R\u00c9SEAUTAGE VIP<\/h3><p>TOUS NOS R\u00c9SEAUTAGES D\u00c9DI\u00c9S AUX MEMBRES VIP<\/p>\t\t\n\t\t\t<a href=\"https:\/\/www.reseautageendirect.com\/calendrier\/category\/reseautage-vip\/\" role=\"button\">\n\t\t\t\t\t\tVOIR\n\t\t\t\t\t<\/a>\n\t\t\t<h3>FORMATIONS<\/h3><p>TOUTES NOS FORMATIONS DONN\u00c9ES PAR NOS EXPERTS<\/p>\t\t\n\t\t\t<a href=\"https:\/\/www.reseautageendirect.com\/calendrier\/category\/academie-de-formations\/\" role=\"button\">\n\t\t\t\t\t\tVOIR\n\t\t\t\t\t<\/a>\n\t\t\t<h3>RED EN CONSCIENCE<\/h3><p>TOUTES LES ACTIVIT\u00c9S LI\u00c9ES AU BIEN-\u00caTRE EN CONSCIENCE <\/p>\t\t\n\t\t\t<a href=\"https:\/\/www.reseautageendirect.com\/calendrier\/category\/red-en-conscience\/\" role=\"button\">\n\t\t\t\t\t\tVOIR\n\t\t\t\t\t<\/a>\n\t\t\t<h3>CONF\u00c9RENCIERS EN DIRECT<\/h3><p>VENEZ ENCOURAGER <br>NOS CONF\u00c9RENCIERS<\/p>\t\t\n\t\t\t<a href=\"https:\/\/www.reseautageendirect.com\/calendrier\/category\/conferencier-en-direct\/\" role=\"button\">\n\t\t\t\t\t\tVOIR\n\t\t\t\t\t<\/a>","_et_gb_content_width":"","_eb_attr":"","_price":"","_stock":"","_tribe_ticket_header":"","_tribe_default_ticket_provider":"","_ticket_start_date":"","_ticket_end_date":"","_tribe_ticket_show_description":"","_tribe_ticket_show_not_going":false,"_tribe_ticket_use_global_stock":"","_tribe_ticket_global_stock_level":"","_global_stock_mode":"","_global_stock_cap":"","_tribe_rsvp_for_event":"","_tribe_ticket_going_count":"","_tribe_ticket_not_going_count":"","_tribe_tickets_list":"[]","_tribe_ticket_has_attendee_info_fields":false,"footnotes":"","_tec_slr_enabled":"","_tec_slr_layout":""},"class_list":["post-43016","page","type-page","status-publish","has-post-thumbnail","hentry"],"acf":[],"ticketed":false,"_links":{"self":[{"href":"https:\/\/www.reseautageendirect.com\/en\/wp-json\/wp\/v2\/pages\/43016","targetHints":{"allow":["GET"]}}],"collection":[{"href":"https:\/\/www.reseautageendirect.com\/en\/wp-json\/wp\/v2\/pages"}],"about":[{"href":"https:\/\/www.reseautageendirect.com\/en\/wp-json\/wp\/v2\/types\/page"}],"author":[{"embeddable":true,"href":"https:\/\/www.reseautageendirect.com\/en\/wp-json\/wp\/v2\/users\/1033"}],"replies":[{"embeddable":true,"href":"https:\/\/www.reseautageendirect.com\/en\/wp-json\/wp\/v2\/comments?post=43016"}],"version-history":[{"count":0,"href":"https:\/\/www.reseautageendirect.com\/en\/wp-json\/wp\/v2\/pages\/43016\/revisions"}],"wp:featuredmedia":[{"embeddable":true,"href":"https:\/\/www.reseautageendirect.com\/en\/wp-json\/wp\/v2\/media\/41734"}],"wp:attachment":[{"href":"https:\/\/www.reseautageendirect.com\/en\/wp-json\/wp\/v2\/media?parent=43016"}],"curies":[{"name":"wp","href":"https:\/\/api.w.org\/{rel}","templated":true}]}}