{"id":42421,"date":"2022-12-27T02:10:30","date_gmt":"2022-12-27T07:10:30","guid":{"rendered":"https:\/\/www.reseautageendirect.com\/conscience\/"},"modified":"2025-10-01T12:36:22","modified_gmt":"2025-10-01T16:36:22","slug":"conscience","status":"publish","type":"page","link":"https:\/\/www.reseautageendirect.com\/en\/conscience\/","title":{"rendered":"RED en \u00e9veil"},"content":{"rendered":"\t\t<div data-elementor-type=\"wp-page\" data-elementor-id=\"42421\" class=\"elementor elementor-42421 elementor-39444\" data-elementor-post-type=\"page\">\n\t\t\t\t\t\t<section class=\"elementor-section elementor-top-section elementor-element elementor-element-59249ff elementor-section-boxed elementor-section-height-default elementor-section-height-default wpr-particle-no wpr-jarallax-no wpr-parallax-no wpr-sticky-section-no\" data-id=\"59249ff\" data-element_type=\"section\" data-e-type=\"section\">\n\t\t\t\t\t\t<div class=\"elementor-container elementor-column-gap-default\">\n\t\t\t\t\t<div class=\"elementor-column elementor-col-100 elementor-top-column elementor-element elementor-element-fb4797a\" data-id=\"fb4797a\" data-element_type=\"column\" data-e-type=\"column\">\n\t\t\t<div class=\"elementor-widget-wrap elementor-element-populated\">\n\t\t\t\t\t\t<div class=\"elementor-element elementor-element-fea005f elementor-widget elementor-widget-heading\" data-id=\"fea005f\" data-element_type=\"widget\" data-e-type=\"widget\" data-widget_type=\"heading.default\">\n\t\t\t\t\t<h2 class=\"elementor-heading-title elementor-size-xxl\">RED EN \u00c9VEIL<\/h2>\t\t\t\t<\/div>\n\t\t\t\t\t<\/div>\n\t\t<\/div>\n\t\t\t\t\t<\/div>\n\t\t<\/section>\n\t\t\t\t<section class=\"elementor-section elementor-top-section elementor-element elementor-element-26357af0 elementor-section-full_width elementor-section-height-min-height elementor-section-items-stretch elementor-section-stretched elementor-section-height-default wpr-particle-no wpr-jarallax-no wpr-parallax-no wpr-sticky-section-no\" data-id=\"26357af0\" data-element_type=\"section\" data-e-type=\"section\" data-settings=\"{&quot;stretch_section&quot;:&quot;section-stretched&quot;}\">\n\t\t\t\t\t\t<div class=\"elementor-container elementor-column-gap-default\">\n\t\t\t\t\t<div class=\"elementor-column elementor-col-50 elementor-top-column elementor-element elementor-element-62a1444a\" data-id=\"62a1444a\" data-element_type=\"column\" data-e-type=\"column\" data-settings=\"{&quot;background_background&quot;:&quot;gradient&quot;}\">\n\t\t\t<div class=\"elementor-widget-wrap elementor-element-populated\">\n\t\t\t\t\t\t<div class=\"elementor-element elementor-element-1bbf12e5 elementor-widget-divider--view-line elementor-widget elementor-widget-divider\" data-id=\"1bbf12e5\" data-element_type=\"widget\" data-e-type=\"widget\" data-widget_type=\"divider.default\">\n\t\t\t\t\t\t\t<div class=\"elementor-divider\">\n\t\t\t<span class=\"elementor-divider-separator\">\n\t\t\t\t\t\t<\/span>\n\t\t<\/div>\n\t\t\t\t\t\t<\/div>\n\t\t\t\t<div class=\"elementor-element elementor-element-3ce5babf elementor-widget elementor-widget-heading\" data-id=\"3ce5babf\" data-element_type=\"widget\" data-e-type=\"widget\" data-widget_type=\"heading.default\">\n\t\t\t\t\t<h5 class=\"elementor-heading-title elementor-size-default\">ENTREZ DANS<br clear='none'\/>LE MONDE DE LA SYNERGIE SPIRITUELLE ET PROFESSIONNELLE<\/h5>\t\t\t\t<\/div>\n\t\t\t\t<div class=\"elementor-element elementor-element-32e28a3 elementor-widget elementor-widget-image\" data-id=\"32e28a3\" data-element_type=\"widget\" data-e-type=\"widget\" data-widget_type=\"image.default\">\n\t\t\t\t\t\t\t\t\t\t\t\t\t\t\t<img fetchpriority=\"high\" fetchpriority=\"high\" decoding=\"async\" width=\"960\" height=\"960\" src=\"https:\/\/www.reseautageendirect.com\/wp-content\/uploads\/2025\/10\/RED-sylvie-le-naour.jpg\" class=\"attachment-full size-full wp-image-82763\" alt=\"\" srcset=\"https:\/\/www.reseautageendirect.com\/wp-content\/uploads\/2025\/10\/RED-sylvie-le-naour.jpg 960w, https:\/\/www.reseautageendirect.com\/wp-content\/uploads\/2025\/10\/RED-sylvie-le-naour-480x480.jpg 480w\" sizes=\"(min-width: 0px) and (max-width: 480px) 480px, (min-width: 481px) 960px, 100vw\" \/>\t\t\t\t\t\t\t\t\t\t\t\t\t\t\t<\/div>\n\t\t\t\t<div class=\"elementor-element elementor-element-78cf820b elementor-widget elementor-widget-text-editor\" data-id=\"78cf820b\" data-element_type=\"widget\" data-e-type=\"widget\" data-widget_type=\"text-editor.default\">\n\t\t\t\t\t\t\t\t\t<p><strong>Sylvie Le Naour<br \/>Directrice du RED en \u00e9veil<br \/><\/strong><\/p>\t\t\t\t\t\t\t\t<\/div>\n\t\t\t\t\t<\/div>\n\t\t<\/div>\n\t\t\t\t<div class=\"elementor-column elementor-col-50 elementor-top-column elementor-element elementor-element-1d197184\" data-id=\"1d197184\" data-element_type=\"column\" data-e-type=\"column\" data-settings=\"{&quot;background_background&quot;:&quot;classic&quot;}\">\n\t\t\t<div class=\"elementor-widget-wrap elementor-element-populated\">\n\t\t\t\t\t<div class=\"elementor-background-overlay\"><\/div>\n\t\t\t\t\t\t<div class=\"elementor-element elementor-element-ff07b68 elementor-widget elementor-widget-heading\" data-id=\"ff07b68\" data-element_type=\"widget\" data-e-type=\"widget\" data-widget_type=\"heading.default\">\n\t\t\t\t\t<h2 class=\"elementor-heading-title elementor-size-default\">Ce groupe est n\u00e9 pour vous accompagner de la meilleure mani\u00e8re et de la plus juste qui soit pour votre \u00e9volution \ud83e\udd8b.\n\n<\/h2>\t\t\t\t<\/div>\n\t\t\t\t<div class=\"elementor-element elementor-element-59ac99e0 elementor-widget elementor-widget-spacer\" data-id=\"59ac99e0\" data-element_type=\"widget\" data-e-type=\"widget\" data-widget_type=\"spacer.default\">\n\t\t\t\t\t\t\t<div class=\"elementor-spacer\">\n\t\t\t<div class=\"elementor-spacer-inner\"><\/div>\n\t\t<\/div>\n\t\t\t\t\t\t<\/div>\n\t\t\t\t<div class=\"elementor-element elementor-element-5905c53 elementor-widget elementor-widget-heading\" data-id=\"5905c53\" data-element_type=\"widget\" data-e-type=\"widget\" data-widget_type=\"heading.default\">\n\t\t\t\t\t<h2 class=\"elementor-heading-title elementor-size-default\">DIFF\u00c9RENTS \u00c9V\u00c9NEMENTS SONT ORGANIS\u00c9S :<\/h2>\t\t\t\t<\/div>\n\t\t\t\t<div class=\"elementor-element elementor-element-cf8fedf elementor-widget elementor-widget-spacer\" data-id=\"cf8fedf\" data-element_type=\"widget\" data-e-type=\"widget\" data-widget_type=\"spacer.default\">\n\t\t\t\t\t\t\t<div class=\"elementor-spacer\">\n\t\t\t<div class=\"elementor-spacer-inner\"><\/div>\n\t\t<\/div>\n\t\t\t\t\t\t<\/div>\n\t\t\t\t<div class=\"elementor-element elementor-element-fdfca67 elementor-align-start elementor-widget-tablet__width-inherit elementor-icon-list--layout-traditional elementor-list-item-link-full_width elementor-widget elementor-widget-icon-list\" data-id=\"fdfca67\" data-element_type=\"widget\" data-e-type=\"widget\" data-widget_type=\"icon-list.default\">\n\t\t\t\t\t\t\t<ul class=\"elementor-icon-list-items\">\n\t\t\t\t\t\t\t<li class=\"elementor-icon-list-item\">\n\t\t\t\t\t\t\t\t\t\t\t<span class=\"elementor-icon-list-icon\">\n\t\t\t\t\t\t\t<svg aria-hidden=\"true\" class=\"e-font-icon-svg e-fas-check\" viewBox=\"0 0 512 512\" xmlns=\"http:\/\/www.w3.org\/2000\/svg\"><path d=\"M173.898 439.404l-166.4-166.4c-9.997-9.997-9.997-26.206 0-36.204l36.203-36.204c9.997-9.998 26.207-9.998 36.204 0L192 312.69 432.095 72.596c9.997-9.997 26.207-9.997 36.204 0l36.203 36.204c9.997 9.997 9.997 26.206 0 36.204l-294.4 294.401c-9.998 9.997-26.207 9.997-36.204-.001z\"><\/path><\/svg>\t\t\t\t\t\t<\/span>\n\t\t\t\t\t\t\t\t\t\t<span class=\"elementor-icon-list-text\">Conf\u00e9rences d'\u00e9veil, <\/span>\n\t\t\t\t\t\t\t\t\t<\/li>\n\t\t\t\t\t\t\t\t<li class=\"elementor-icon-list-item\">\n\t\t\t\t\t\t\t\t\t\t\t<span class=\"elementor-icon-list-icon\">\n\t\t\t\t\t\t\t<svg aria-hidden=\"true\" class=\"e-font-icon-svg e-fas-check\" viewBox=\"0 0 512 512\" xmlns=\"http:\/\/www.w3.org\/2000\/svg\"><path d=\"M173.898 439.404l-166.4-166.4c-9.997-9.997-9.997-26.206 0-36.204l36.203-36.204c9.997-9.998 26.207-9.998 36.204 0L192 312.69 432.095 72.596c9.997-9.997 26.207-9.997 36.204 0l36.203 36.204c9.997 9.997 9.997 26.206 0 36.204l-294.4 294.401c-9.998 9.997-26.207 9.997-36.204-.001z\"><\/path><\/svg>\t\t\t\t\t\t<\/span>\n\t\t\t\t\t\t\t\t\t\t<span class=\"elementor-icon-list-text\">M\u00e9ditations, <\/span>\n\t\t\t\t\t\t\t\t\t<\/li>\n\t\t\t\t\t\t\t\t<li class=\"elementor-icon-list-item\">\n\t\t\t\t\t\t\t\t\t\t\t<span class=\"elementor-icon-list-icon\">\n\t\t\t\t\t\t\t<svg aria-hidden=\"true\" class=\"e-font-icon-svg e-fas-check\" viewBox=\"0 0 512 512\" xmlns=\"http:\/\/www.w3.org\/2000\/svg\"><path d=\"M173.898 439.404l-166.4-166.4c-9.997-9.997-9.997-26.206 0-36.204l36.203-36.204c9.997-9.998 26.207-9.998 36.204 0L192 312.69 432.095 72.596c9.997-9.997 26.207-9.997 36.204 0l36.203 36.204c9.997 9.997 9.997 26.206 0 36.204l-294.4 294.401c-9.998 9.997-26.207 9.997-36.204-.001z\"><\/path><\/svg>\t\t\t\t\t\t<\/span>\n\t\t\t\t\t\t\t\t\t\t<span class=\"elementor-icon-list-text\">Ateliers bien-\u00eatre en conscience, <\/span>\n\t\t\t\t\t\t\t\t\t<\/li>\n\t\t\t\t\t\t\t\t<li class=\"elementor-icon-list-item\">\n\t\t\t\t\t\t\t\t\t\t\t<span class=\"elementor-icon-list-icon\">\n\t\t\t\t\t\t\t<svg aria-hidden=\"true\" class=\"e-font-icon-svg e-fas-check\" viewBox=\"0 0 512 512\" xmlns=\"http:\/\/www.w3.org\/2000\/svg\"><path d=\"M173.898 439.404l-166.4-166.4c-9.997-9.997-9.997-26.206 0-36.204l36.203-36.204c9.997-9.998 26.207-9.998 36.204 0L192 312.69 432.095 72.596c9.997-9.997 26.207-9.997 36.204 0l36.203 36.204c9.997 9.997 9.997 26.206 0 36.204l-294.4 294.401c-9.998 9.997-26.207 9.997-36.204-.001z\"><\/path><\/svg>\t\t\t\t\t\t<\/span>\n\t\t\t\t\t\t\t\t\t\t<span class=\"elementor-icon-list-text\">R\u00e9seautage en conscience.<\/span>\n\t\t\t\t\t\t\t\t\t<\/li>\n\t\t\t\t\t\t<\/ul>\n\t\t\t\t\t\t<\/div>\n\t\t\t\t\t<\/div>\n\t\t<\/div>\n\t\t\t\t\t<\/div>\n\t\t<\/section>\n\t\t\t\t<section class=\"elementor-section elementor-top-section elementor-element elementor-element-7c0b5220 elementor-section-content-middle elementor-section-full_width elementor-section-stretched elementor-section-height-default elementor-section-height-default wpr-particle-no wpr-jarallax-no wpr-parallax-no wpr-sticky-section-no\" data-id=\"7c0b5220\" data-element_type=\"section\" data-e-type=\"section\" data-settings=\"{&quot;background_background&quot;:&quot;classic&quot;,&quot;stretch_section&quot;:&quot;section-stretched&quot;}\">\n\t\t\t\t\t\t<div class=\"elementor-container elementor-column-gap-no\">\n\t\t\t\t\t<div class=\"elementor-column elementor-col-100 elementor-top-column elementor-element elementor-element-1bfd3653\" data-id=\"1bfd3653\" data-element_type=\"column\" data-e-type=\"column\">\n\t\t\t<div class=\"elementor-widget-wrap elementor-element-populated\">\n\t\t\t\t\t\t<div class=\"elementor-element elementor-element-517b9afc elementor-widget elementor-widget-heading\" data-id=\"517b9afc\" data-element_type=\"widget\" data-e-type=\"widget\" data-widget_type=\"heading.default\">\n\t\t\t\t\t<h4 class=\"elementor-heading-title elementor-size-default\">Que vous soyez entrepreneur \u00e9veill\u00e9, sur le <br clear='none'\/>chemin de l'\u00e9veil, ou simplement que vous<br clear='none'\/>ressentiez l'appel, ce groupe est pour vous.<\/h4>\t\t\t\t<\/div>\n\t\t\t\t<div class=\"elementor-element elementor-element-2bd5cf6 elementor-widget elementor-widget-heading\" data-id=\"2bd5cf6\" data-element_type=\"widget\" data-e-type=\"widget\" data-widget_type=\"heading.default\">\n\t\t\t\t\t<h4 class=\"elementor-heading-title elementor-size-default\">ensemble, soyons le changement que nous souhaitons voir demain \ud83d\ude4f\ud83c\udffb<\/h4>\t\t\t\t<\/div>\n\t\t\t\t<div class=\"elementor-element elementor-element-39c2ff94 elementor--h-position-center elementor--v-position-middle elementor-arrows-position-inside elementor-pagination-position-inside elementor-widget elementor-widget-slides\" data-id=\"39c2ff94\" data-element_type=\"widget\" data-e-type=\"widget\" data-settings=\"{&quot;navigation&quot;:&quot;both&quot;,&quot;autoplay&quot;:&quot;yes&quot;,&quot;pause_on_hover&quot;:&quot;yes&quot;,&quot;pause_on_interaction&quot;:&quot;yes&quot;,&quot;autoplay_speed&quot;:5000,&quot;infinite&quot;:&quot;yes&quot;,&quot;transition&quot;:&quot;slide&quot;,&quot;transition_speed&quot;:500}\" data-widget_type=\"slides.default\">\n\t\t\t\t\t\t\t\t\t\t<div class=\"elementor-slides-wrapper elementor-main-swiper swiper\" role=\"region\" aria-roledescription=\"carousel\" aria-label=\"Diapositives\" dir=\"ltr\" data-animation=\"fadeInUp\">\n\t\t\t\t<div class=\"swiper-wrapper elementor-slides\">\n\t\t\t\t\t\t\t\t\t\t<div class=\"elementor-repeater-item-f672c66 swiper-slide\" role=\"group\" aria-roledescription=\"slide\"><div class=\"swiper-slide-bg\"><\/div><a class=\"swiper-slide-inner\" href=\"https:\/\/www.reseautageendirect.com\/calendrier\/category\/red-en-eveil\/\"><div class=\"swiper-slide-contents\"><div class=\"elementor-slide-heading\">CONF\u00c9RENCES D'\u00c9VEIL<\/div><div class=\"elementor-slide-description\">Le but de ces conf\u00e9rences est l\u2019\u00e9veil de soi.\n\n\u00c0 chaque s\u00e9ance, vous d\u00e9couvrirez un conf\u00e9rencier.\u00e8re qui vous racontera son parcours de vie.\n\nVous prendrez conscience, \u00e0 travers ces r\u00e9v\u00e9lations, de votre propre chemin.\n\nEnsuite vous saurez identifier les messages de l\u2019univers de pouvoir reprendre votre vie en main<\/div><div  class=\"elementor-button elementor-slide-button elementor-size-md\">HORAIRE<\/div><\/div><\/a><\/div><div class=\"elementor-repeater-item-1ff356c swiper-slide\" role=\"group\" aria-roledescription=\"slide\"><div class=\"swiper-slide-bg\"><\/div><a class=\"swiper-slide-inner\" href=\"https:\/\/www.reseautageendirect.com\/calendrier\/category\/red-en-eveil\/\"><div class=\"swiper-slide-contents\"><div class=\"elementor-slide-heading\">M\u00c9DITATIONS<\/div><div class=\"elementor-slide-description\">Durant ces s\u00e9ances, l\u2019intervenant vous proposera un th\u00e8me de m\u00e9ditation et vous accompagnera lors d\u2019un voyage guid\u00e9 pour conscientiser l\u2019information du moment.\n\nAu fil de ces m\u00e9ditations, vous disposerez de plus en plus de cl\u00e9s pour vous \u00e9veiller en conscience\u2026<\/div><div  class=\"elementor-button elementor-slide-button elementor-size-md\">HORAIRE<\/div><\/div><\/a><\/div><div class=\"elementor-repeater-item-e9b4360 swiper-slide\" role=\"group\" aria-roledescription=\"slide\"><div class=\"swiper-slide-bg\"><\/div><a class=\"swiper-slide-inner\" href=\"https:\/\/www.reseautageendirect.com\/calendrier\/category\/red-en-eveil\/\"><div class=\"swiper-slide-contents\"><div class=\"elementor-slide-heading\">ATELIERS BIEN-\u00caTRE EN CONSCIENCE<\/div><div class=\"elementor-slide-description\">Ici, nous vous proposons des ateliers qui vous feront d\u00e9couvrir des techniques pour vous r\u00e9v\u00e9ler en conscience. Ces techniques seront chaque fois diff\u00e9rentes et compl\u00e9mentaires.<\/div><div  class=\"elementor-button elementor-slide-button elementor-size-md\">HORAIRE<\/div><\/div><\/a><\/div><div class=\"elementor-repeater-item-a37527b swiper-slide\" role=\"group\" aria-roledescription=\"slide\"><div class=\"swiper-slide-bg\"><\/div><a class=\"swiper-slide-inner\" href=\"https:\/\/www.reseautageendirect.com\/calendrier\/category\/red-en-eveil\/\"><div class=\"swiper-slide-contents\"><div class=\"elementor-slide-heading\">R\u00c9SEAUTAGE EN CONSCIENCE<\/div><div class=\"elementor-slide-description\">Destin\u00e9 aux entrepreneurs au service de la conscience.\n\nNous proposons de communiquer vos talents 2 fois par mois en r\u00e9seautant en conscience.\n\nPlus nous serons nombreux \u00e0 nous \u00e9veiller, plus vite notre \ud83c\udf0d rayonnera.<\/div><div  class=\"elementor-button elementor-slide-button elementor-size-md\">HORAIRE<\/div><\/div><\/a><\/div><div class=\"elementor-repeater-item-fb83deb swiper-slide\" role=\"group\" aria-roledescription=\"slide\"><div class=\"swiper-slide-bg\"><\/div><a class=\"swiper-slide-inner\" href=\"https:\/\/www.reseautageendirect.com\/calendrier\/category\/red-en-eveil\/\"><div class=\"swiper-slide-contents\"><div class=\"elementor-slide-heading\">PRATIQUE DU QOYA<\/div><div class=\"elementor-slide-description\">12 s\u00e9ances de qoya virtuelles de 1 heure, qui auront lieu 1 mercredi par mois (le 2e mercredi du mois).\n\n*Visible en replay pendant 2 semaines \u00e0 partir du live.<BR><BR>\n\nS\u00e9ances guid\u00e9es par\n\u00c9line Neveu\n\n<\/div><div  class=\"elementor-button elementor-slide-button elementor-size-md\">HORAIRE<\/div><\/div><\/a><\/div>\t\t\t\t<\/div>\n\t\t\t\t\t\t\t\t\t\t\t\t\t\t\t<div class=\"elementor-swiper-button elementor-swiper-button-prev\" role=\"button\" tabindex=\"0\" aria-label=\"Previous slide\">\n\t\t\t\t\t\t\t<svg aria-hidden=\"true\" class=\"e-font-icon-svg e-eicon-chevron-left\" viewBox=\"0 0 1000 1000\" xmlns=\"http:\/\/www.w3.org\/2000\/svg\"><path d=\"M646 125C629 125 613 133 604 142L308 442C296 454 292 471 292 487 292 504 296 521 308 533L604 854C617 867 629 875 646 875 663 875 679 871 692 858 704 846 713 829 713 812 713 796 708 779 692 767L438 487 692 225C700 217 708 204 708 187 708 171 704 154 692 142 675 129 663 125 646 125Z\"><\/path><\/svg>\t\t\t\t\t\t<\/div>\n\t\t\t\t\t\t<div class=\"elementor-swiper-button elementor-swiper-button-next\" role=\"button\" tabindex=\"0\" aria-label=\"Next slide\">\n\t\t\t\t\t\t\t<svg aria-hidden=\"true\" class=\"e-font-icon-svg e-eicon-chevron-right\" viewBox=\"0 0 1000 1000\" xmlns=\"http:\/\/www.w3.org\/2000\/svg\"><path d=\"M696 533C708 521 713 504 713 487 713 471 708 454 696 446L400 146C388 133 375 125 354 125 338 125 325 129 313 142 300 154 292 171 292 187 292 204 296 221 308 233L563 492 304 771C292 783 288 800 288 817 288 833 296 850 308 863 321 871 338 875 354 875 371 875 388 867 400 854L696 533Z\"><\/path><\/svg>\t\t\t\t\t\t<\/div>\n\t\t\t\t\t\t\t\t\t\t\t\t\t\t\t\t<div class=\"swiper-pagination\"><\/div>\n\t\t\t\t\t\t\t\t\t\t\t\t<\/div>\n\t\t\t\t\t\t\t\t<\/div>\n\t\t\t\t\t<\/div>\n\t\t<\/div>\n\t\t\t\t\t<\/div>\n\t\t<\/section>\n\t\t\t\t<\/div>\n\t\t","protected":false},"excerpt":{"rendered":"<p>RED EN \u00c9VEIL ENTREZ DANSLE MONDE DE LA SYNERGIE SPIRITUELLE ET PROFESSIONNELLE Sylvie Le NaourDirectrice du RED en \u00e9veil Ce groupe est n\u00e9 pour vous accompagner de la meilleure mani\u00e8re et de la plus juste qui soit pour votre \u00e9volution \ud83e\udd8b. DIFF\u00c9RENTS \u00c9V\u00c9NEMENTS SONT ORGANIS\u00c9S : Conf\u00e9rences d&#8217;\u00e9veil, M\u00e9ditations, Ateliers bien-\u00eatre en conscience, R\u00e9seautage en conscience. Que vous soyez entrepreneur \u00e9veill\u00e9, sur le chemin de l&#8217;\u00e9veil, ou simplement que vousressentiez l&#8217;appel, ce groupe est pour vous. ensemble, soyons le changement que nous souhaitons voir demain \ud83d\ude4f\ud83c\udffb CONF\u00c9RENCES D&#8217;\u00c9VEILLe but de ces conf\u00e9rences est l\u2019\u00e9veil de soi. \u00c0 chaque s\u00e9ance, vous d\u00e9couvrirez un conf\u00e9rencier.\u00e8re qui vous racontera son parcours de vie. Vous prendrez conscience, \u00e0 travers ces r\u00e9v\u00e9lations, de votre propre chemin. Ensuite vous saurez identifier les messages de l\u2019univers de pouvoir reprendre votre vie en mainHORAIREM\u00c9DITATIONSDurant ces s\u00e9ances, l\u2019intervenant vous proposera un th\u00e8me de m\u00e9ditation et vous accompagnera lors d\u2019un voyage guid\u00e9 pour conscientiser l\u2019information du moment. Au fil de ces m\u00e9ditations, vous disposerez de plus en plus de cl\u00e9s pour vous \u00e9veiller en conscience\u2026HORAIREATELIERS BIEN-\u00caTRE EN CONSCIENCEIci, nous vous proposons des ateliers qui vous feront d\u00e9couvrir des techniques pour vous r\u00e9v\u00e9ler en conscience. Ces techniques seront chaque fois diff\u00e9rentes et compl\u00e9mentaires.HORAIRER\u00c9SEAUTAGE EN CONSCIENCEDestin\u00e9 aux entrepreneurs au service de la conscience. Nous proposons de communiquer vos talents 2 fois par mois en r\u00e9seautant en conscience. Plus nous serons nombreux \u00e0 nous \u00e9veiller, plus vite notre \ud83c\udf0d rayonnera.HORAIREPRATIQUE DU QOYA12 s\u00e9ances de qoya virtuelles de 1 heure, qui auront lieu 1 mercredi par mois (le 2e mercredi du mois). *Visible en replay pendant 2 semaines \u00e0 partir du live. S\u00e9ances guid\u00e9es par \u00c9line Neveu HORAIRE<\/p>\n","protected":false},"author":1033,"featured_media":41734,"parent":0,"menu_order":1,"comment_status":"closed","ping_status":"closed","template":"elementor_header_footer","meta":{"_acf_changed":false,"_et_pb_use_builder":"","_et_pb_old_content":"","_et_gb_content_width":"","_eb_attr":"","_price":"","_stock":"","_tribe_ticket_header":"","_tribe_default_ticket_provider":"TEC\\Tickets\\Commerce\\Module","_ticket_start_date":"","_ticket_end_date":"","_tribe_ticket_show_description":"","_tribe_ticket_show_not_going":false,"_tribe_ticket_use_global_stock":"","_tribe_ticket_global_stock_level":"","_global_stock_mode":"","_global_stock_cap":"","_tribe_rsvp_for_event":"","_tribe_ticket_going_count":"","_tribe_ticket_not_going_count":"","_tribe_tickets_list":"[]","_tribe_ticket_has_attendee_info_fields":false,"footnotes":"","_tec_slr_enabled":"","_tec_slr_layout":""},"class_list":["post-42421","page","type-page","status-publish","has-post-thumbnail","hentry"],"acf":[],"ticketed":false,"_links":{"self":[{"href":"https:\/\/www.reseautageendirect.com\/en\/wp-json\/wp\/v2\/pages\/42421","targetHints":{"allow":["GET"]}}],"collection":[{"href":"https:\/\/www.reseautageendirect.com\/en\/wp-json\/wp\/v2\/pages"}],"about":[{"href":"https:\/\/www.reseautageendirect.com\/en\/wp-json\/wp\/v2\/types\/page"}],"author":[{"embeddable":true,"href":"https:\/\/www.reseautageendirect.com\/en\/wp-json\/wp\/v2\/users\/1033"}],"replies":[{"embeddable":true,"href":"https:\/\/www.reseautageendirect.com\/en\/wp-json\/wp\/v2\/comments?post=42421"}],"version-history":[{"count":3,"href":"https:\/\/www.reseautageendirect.com\/en\/wp-json\/wp\/v2\/pages\/42421\/revisions"}],"predecessor-version":[{"id":82771,"href":"https:\/\/www.reseautageendirect.com\/en\/wp-json\/wp\/v2\/pages\/42421\/revisions\/82771"}],"wp:featuredmedia":[{"embeddable":true,"href":"https:\/\/www.reseautageendirect.com\/en\/wp-json\/wp\/v2\/media\/41734"}],"wp:attachment":[{"href":"https:\/\/www.reseautageendirect.com\/en\/wp-json\/wp\/v2\/media?parent=42421"}],"curies":[{"name":"wp","href":"https:\/\/api.w.org\/{rel}","templated":true}]}}